{"id":187,"date":"2018-09-14T09:14:39","date_gmt":"2018-09-14T07:14:39","guid":{"rendered":"http:\/\/www.projetconduite.fr\/?page_id=187"},"modified":"2018-12-01T00:06:54","modified_gmt":"2018-11-30T23:06:54","slug":"187-2","status":"publish","type":"page","link":"http:\/\/www.projetconduite.fr\/index.php\/187-2\/","title":{"rendered":"Mon auto-\u00e9cole"},"content":{"rendered":"<p>VALERIE ET EMMANUELLE , enseignantes dipl\u00f4m\u00e9es vous accueillent au sein de l\u2019auto-\u00e9cole projet conduite afin de vous accompagner au mieux dans l\u2019apprentissage de votre formation \u00e0 la conduite.<\/p>\n<p>L\u2019auto-\u00e9cole se situe \u00e0 3 minutes de la gare et pr\u00e8s des lyc\u00e9e Rotrou et Branly .<\/p>\n<p>Les cours de code ( entra\u00eenements par s\u00e9ries ou cours collectifs \u00a0) sont assur\u00e9s par des professionnels de la conduite et de la s\u00e9curit\u00e9 routi\u00e8re ,et traitent des sujets sur les grands th\u00e8mes de le s\u00e9curit\u00e9 \u00a0routi\u00e8re comme l\u2019alcool et stup\u00e9fiants, vitesse , d\u00e9fauts de port de la ceinture , distracteurs.<\/p>\n<p>Pour mettre encore plus de chance de votre c\u00f4t\u00e9 , vous pourrez travailler en ligne \u00e0 la maison avec \u00a0easy web\u00a0: un outil p\u00e9dagogique qui permet de travail correctement et d\u2019avoir un suivi \u00a0par l\u2019auto-\u00e9cole .<\/p>\n<p>Vos le\u00e7on de conduite s effectuerons sur une Citro\u00ebn \u00a0C3, avec tous les outils p\u00e9dagogiques \u00a0n\u00e9cessaire \u00a0a\u00a0 un meilleur apprentissage de la conduite .<\/p>\n<p>A travers ce suite web vous pouvez trouver toutes les formations propos\u00e9es ainsi que leurs \u00a0d\u00e9roulements et\u00a0 les enjeux de la formation.<\/p>\n<p>Vos monitrices restent a votre dispositions pour vous rendre votre formation le plus \u00a0claire et la plus pr\u00e9cise possible.<\/p>\n<p>Moyens de payements divers\u00a0: Carte bleu , ch\u00e8ques \u00a0, esp\u00e8ces , possibilit\u00e9 de payer en plusieurs fois sans frais , l\u2019auto-\u00e9cole \u00a0a souscrit au dispositive permis \u00e0 un euro \/jour .<\/p>\n<p>En souhaitant vous rencontrer bient\u00f4t\u00a0!<\/p>\n","protected":false},"excerpt":{"rendered":"<p>VALERIE ET EMMANUELLE , enseignantes dipl&ocirc;m&eacute;es vous accueillent au sein de l&rsquo;auto-&eacute;cole projet conduite afin de vous accompagner au mieux dans l&rsquo;apprentissage de votre formation &agrave; la conduite. L&rsquo;auto-&eacute;cole se situe &agrave; 3 minutes de la gare et pr&egrave;s des lyc&eacute;e Rotrou et Branly . Les cours de code ( entra&icirc;nements par s&eacute;ries ou cours &hellip; <\/p>\n<p class=\"link-more\"><a href=\"http:\/\/www.projetconduite.fr\/index.php\/187-2\/\" class=\"more-link\">Continuer la lecture<span class=\"screen-reader-text\"> de &laquo;&nbsp;Mon auto-\u00e9cole&nbsp;&raquo;<\/span><\/a><\/p>\n","protected":false},"author":1,"featured_media":0,"parent":0,"menu_order":0,"comment_status":"closed","ping_status":"closed","template":"","meta":{"footnotes":""},"yoast_head":"<!-- This site is optimized with the Yoast SEO plugin v22.6 - https:\/\/yoast.com\/wordpress\/plugins\/seo\/ -->\n<title>Mon auto-\u00e9cole - Projet Conduite<\/title>\n<meta name=\"description\" content=\"Bienvenue sur notre site Un rythme de formation personnalis\u00e9 Votre auto-\u00e9cole \u00e0 Dreux Votre auto-\u00e9cole Projet-Conduite\" \/>\n<meta name=\"robots\" content=\"index, follow, max-snippet:-1, max-image-preview:large, max-video-preview:-1\" \/>\n<link rel=\"canonical\" href=\"http:\/\/www.projetconduite.fr\/index.php\/187-2\/\" \/>\n<meta property=\"og:locale\" content=\"fr_FR\" \/>\n<meta property=\"og:type\" content=\"article\" \/>\n<meta property=\"og:title\" content=\"Mon auto-\u00e9cole - Projet Conduite\" \/>\n<meta property=\"og:description\" content=\"Bienvenue sur notre site Un rythme de formation personnalis\u00e9 Votre auto-\u00e9cole \u00e0 Dreux Votre auto-\u00e9cole Projet-Conduite\" \/>\n<meta property=\"og:url\" content=\"http:\/\/www.projetconduite.fr\/index.php\/187-2\/\" \/>\n<meta property=\"og:site_name\" content=\"Projet Conduite\" \/>\n<meta property=\"article:publisher\" content=\"https:\/\/fr-fr.facebook.com\/prjetconduite\/\" \/>\n<meta property=\"article:modified_time\" content=\"2018-11-30T23:06:54+00:00\" \/>\n<meta name=\"twitter:card\" content=\"summary_large_image\" \/>\n<meta name=\"twitter:label1\" content=\"Dur\u00e9e de lecture estim\u00e9e\" \/>\n\t<meta name=\"twitter:data1\" content=\"1 minute\" \/>\n<script type=\"application\/ld+json\" class=\"yoast-schema-graph\">{\"@context\":\"https:\/\/schema.org\",\"@graph\":[{\"@type\":\"WebPage\",\"@id\":\"http:\/\/www.projetconduite.fr\/index.php\/187-2\/\",\"url\":\"http:\/\/www.projetconduite.fr\/index.php\/187-2\/\",\"name\":\"Mon auto-\u00e9cole - Projet Conduite\",\"isPartOf\":{\"@id\":\"http:\/\/www.projetconduite.fr\/#website\"},\"datePublished\":\"2018-09-14T07:14:39+00:00\",\"dateModified\":\"2018-11-30T23:06:54+00:00\",\"description\":\"Bienvenue sur notre site Un rythme de formation personnalis\u00e9 Votre auto-\u00e9cole \u00e0 Dreux Votre auto-\u00e9cole Projet-Conduite\",\"breadcrumb\":{\"@id\":\"http:\/\/www.projetconduite.fr\/index.php\/187-2\/#breadcrumb\"},\"inLanguage\":\"fr-FR\",\"potentialAction\":[{\"@type\":\"ReadAction\",\"target\":[\"http:\/\/www.projetconduite.fr\/index.php\/187-2\/\"]}]},{\"@type\":\"BreadcrumbList\",\"@id\":\"http:\/\/www.projetconduite.fr\/index.php\/187-2\/#breadcrumb\",\"itemListElement\":[{\"@type\":\"ListItem\",\"position\":1,\"name\":\"Accueil\",\"item\":\"http:\/\/www.projetconduite.fr\/\"},{\"@type\":\"ListItem\",\"position\":2,\"name\":\"Mon auto-\u00e9cole\"}]},{\"@type\":\"WebSite\",\"@id\":\"http:\/\/www.projetconduite.fr\/#website\",\"url\":\"http:\/\/www.projetconduite.fr\/\",\"name\":\"Projet Conduite\",\"description\":\"Nous concr\u00e9tisons votre projet de permis voiture\",\"publisher\":{\"@id\":\"http:\/\/www.projetconduite.fr\/#organization\"},\"potentialAction\":[{\"@type\":\"SearchAction\",\"target\":{\"@type\":\"EntryPoint\",\"urlTemplate\":\"http:\/\/www.projetconduite.fr\/?s={search_term_string}\"},\"query-input\":\"required name=search_term_string\"}],\"inLanguage\":\"fr-FR\"},{\"@type\":\"Organization\",\"@id\":\"http:\/\/www.projetconduite.fr\/#organization\",\"name\":\"Projet Conduite\",\"url\":\"http:\/\/www.projetconduite.fr\/\",\"logo\":{\"@type\":\"ImageObject\",\"inLanguage\":\"fr-FR\",\"@id\":\"http:\/\/www.projetconduite.fr\/#\/schema\/logo\/image\/\",\"url\":\"http:\/\/www.projetconduite.fr\/wp-content\/uploads\/2018\/07\/Logo-long-gros.png\",\"contentUrl\":\"http:\/\/www.projetconduite.fr\/wp-content\/uploads\/2018\/07\/Logo-long-gros.png\",\"width\":528,\"height\":126,\"caption\":\"Projet Conduite\"},\"image\":{\"@id\":\"http:\/\/www.projetconduite.fr\/#\/schema\/logo\/image\/\"},\"sameAs\":[\"https:\/\/fr-fr.facebook.com\/prjetconduite\/\"]}]}<\/script>\n<!-- \/ Yoast SEO plugin. -->","yoast_head_json":{"title":"Mon auto-\u00e9cole - Projet Conduite","description":"Bienvenue sur notre site Un rythme de formation personnalis\u00e9 Votre auto-\u00e9cole \u00e0 Dreux Votre auto-\u00e9cole Projet-Conduite","robots":{"index":"index","follow":"follow","max-snippet":"max-snippet:-1","max-image-preview":"max-image-preview:large","max-video-preview":"max-video-preview:-1"},"canonical":"http:\/\/www.projetconduite.fr\/index.php\/187-2\/","og_locale":"fr_FR","og_type":"article","og_title":"Mon auto-\u00e9cole - Projet Conduite","og_description":"Bienvenue sur notre site Un rythme de formation personnalis\u00e9 Votre auto-\u00e9cole \u00e0 Dreux Votre auto-\u00e9cole Projet-Conduite","og_url":"http:\/\/www.projetconduite.fr\/index.php\/187-2\/","og_site_name":"Projet Conduite","article_publisher":"https:\/\/fr-fr.facebook.com\/prjetconduite\/","article_modified_time":"2018-11-30T23:06:54+00:00","twitter_card":"summary_large_image","twitter_misc":{"Dur\u00e9e de lecture estim\u00e9e":"1 minute"},"schema":{"@context":"https:\/\/schema.org","@graph":[{"@type":"WebPage","@id":"http:\/\/www.projetconduite.fr\/index.php\/187-2\/","url":"http:\/\/www.projetconduite.fr\/index.php\/187-2\/","name":"Mon auto-\u00e9cole - Projet Conduite","isPartOf":{"@id":"http:\/\/www.projetconduite.fr\/#website"},"datePublished":"2018-09-14T07:14:39+00:00","dateModified":"2018-11-30T23:06:54+00:00","description":"Bienvenue sur notre site Un rythme de formation personnalis\u00e9 Votre auto-\u00e9cole \u00e0 Dreux Votre auto-\u00e9cole Projet-Conduite","breadcrumb":{"@id":"http:\/\/www.projetconduite.fr\/index.php\/187-2\/#breadcrumb"},"inLanguage":"fr-FR","potentialAction":[{"@type":"ReadAction","target":["http:\/\/www.projetconduite.fr\/index.php\/187-2\/"]}]},{"@type":"BreadcrumbList","@id":"http:\/\/www.projetconduite.fr\/index.php\/187-2\/#breadcrumb","itemListElement":[{"@type":"ListItem","position":1,"name":"Accueil","item":"http:\/\/www.projetconduite.fr\/"},{"@type":"ListItem","position":2,"name":"Mon auto-\u00e9cole"}]},{"@type":"WebSite","@id":"http:\/\/www.projetconduite.fr\/#website","url":"http:\/\/www.projetconduite.fr\/","name":"Projet Conduite","description":"Nous concr\u00e9tisons votre projet de permis voiture","publisher":{"@id":"http:\/\/www.projetconduite.fr\/#organization"},"potentialAction":[{"@type":"SearchAction","target":{"@type":"EntryPoint","urlTemplate":"http:\/\/www.projetconduite.fr\/?s={search_term_string}"},"query-input":"required name=search_term_string"}],"inLanguage":"fr-FR"},{"@type":"Organization","@id":"http:\/\/www.projetconduite.fr\/#organization","name":"Projet Conduite","url":"http:\/\/www.projetconduite.fr\/","logo":{"@type":"ImageObject","inLanguage":"fr-FR","@id":"http:\/\/www.projetconduite.fr\/#\/schema\/logo\/image\/","url":"http:\/\/www.projetconduite.fr\/wp-content\/uploads\/2018\/07\/Logo-long-gros.png","contentUrl":"http:\/\/www.projetconduite.fr\/wp-content\/uploads\/2018\/07\/Logo-long-gros.png","width":528,"height":126,"caption":"Projet Conduite"},"image":{"@id":"http:\/\/www.projetconduite.fr\/#\/schema\/logo\/image\/"},"sameAs":["https:\/\/fr-fr.facebook.com\/prjetconduite\/"]}]}},"_links":{"self":[{"href":"http:\/\/www.projetconduite.fr\/index.php\/wp-json\/wp\/v2\/pages\/187"}],"collection":[{"href":"http:\/\/www.projetconduite.fr\/index.php\/wp-json\/wp\/v2\/pages"}],"about":[{"href":"http:\/\/www.projetconduite.fr\/index.php\/wp-json\/wp\/v2\/types\/page"}],"author":[{"embeddable":true,"href":"http:\/\/www.projetconduite.fr\/index.php\/wp-json\/wp\/v2\/users\/1"}],"replies":[{"embeddable":true,"href":"http:\/\/www.projetconduite.fr\/index.php\/wp-json\/wp\/v2\/comments?post=187"}],"version-history":[{"count":12,"href":"http:\/\/www.projetconduite.fr\/index.php\/wp-json\/wp\/v2\/pages\/187\/revisions"}],"predecessor-version":[{"id":279,"href":"http:\/\/www.projetconduite.fr\/index.php\/wp-json\/wp\/v2\/pages\/187\/revisions\/279"}],"wp:attachment":[{"href":"http:\/\/www.projetconduite.fr\/index.php\/wp-json\/wp\/v2\/media?parent=187"}],"curies":[{"name":"wp","href":"https:\/\/api.w.org\/{rel}","templated":true}]}}