{"id":285,"date":"2019-01-06T17:19:18","date_gmt":"2019-01-06T16:19:18","guid":{"rendered":"http:\/\/www.projetconduite.fr\/?page_id=285"},"modified":"2019-01-13T00:46:01","modified_gmt":"2019-01-12T23:46:01","slug":"parcours-de-formation","status":"publish","type":"page","link":"http:\/\/www.projetconduite.fr\/index.php\/parcours-de-formation\/","title":{"rendered":"Parcours de Formation"},"content":{"rendered":"\n<figure class=\"wp-block-image\"><img decoding=\"async\" loading=\"lazy\" width=\"528\" height=\"126\" src=\"http:\/\/www.projetconduite.fr\/wp-content\/uploads\/2018\/07\/Logo-long.png\" alt=\"\" class=\"wp-image-122\" srcset=\"http:\/\/www.projetconduite.fr\/wp-content\/uploads\/2018\/07\/Logo-long.png 528w, http:\/\/www.projetconduite.fr\/wp-content\/uploads\/2018\/07\/Logo-long-300x72.png 300w\" sizes=\"(max-width: 528px) 100vw, 528px\" \/><\/figure>\n\n\n\n<h4 class=\"wp-block-heading\"><strong>PARCOURS DE FORMATION CAT\u00c9GORIE <\/strong> <br><strong>\u2610 B,\u00a0\u2610 AAC et \u2610 CS<\/strong> <\/h4>\n\n\n\n<p><strong>NOM\u00a0:  <\/strong>\u00a0\u00a0\u00a0\u00a0\u00a0\u00a0\u00a0\u00a0\u00a0\u00a0\u00a0\u00a0\u00a0\u00a0\u00a0\u00a0\u00a0\u00a0\u00a0\u00a0\u00a0\u00a0\u00a0\u00a0\u00a0\u00a0\u00a0\u00a0\u00a0\u00a0\u00a0\u00a0\u00a0\u00a0\u00a0\u00a0\u00a0\u00a0\u00a0\u00a0\u00a0\u00a0\u00a0\u00a0\u00a0<strong>PRENOM\u00a0:<\/strong><\/p>\n\n\n\n<p>Apprendre \u00e0 conduire est une d\u00e9marche \u00e9ducative exigeante qui demande \u00e0 l&rsquo;\u00e9l\u00e8ve de la concentration, de l\u2019assiduit\u00e9 et de la motivation.  <br>Le parcours qui vous est propos\u00e9 vous permettra de progresser dans votre formation pour vous amener en situation de r\u00e9ussite aux examens du permis de conduire.  En signant le contrat pour cette formation \u00e0 la conduite et \u00e0 la s\u00e9curit\u00e9 routi\u00e8re, vous vous engagez \u00e0 suivre obligatoirement le parcours de formation : <\/p>\n\n\n\n<p><strong>Parcours th\u00e9orique<\/strong><\/p>\n\n\n\n<p>La formation\nth\u00e9orique portant sur des questions \u00ab d\u2019entra\u00eenement au code&nbsp;\u00bb pourra \u00eatre\nsuivie \u00e0 votre rythme&nbsp;:<\/p>\n\n\n\n<p>\u2610  A l\u2019auto ecole en salle de code avec la correction faite par un enseignant dipl\u00f4m\u00e9 ou la correction automatique sous sousveillance d\u2019un moniteur. <br>\u2610  A la maison avec les moyens informatiques via internet.  <br>\u2610  Livre de code   <br>\u2610  Cours collectifs <\/p>\n\n\n\n<p>La formation portant sur des th\u00e9matiques sp\u00e9cifiques se d\u00e9roule collectivement (et sur rendez-vous), dans les locaux de l\u2019\u00e9cole de conduite, et est dispens\u00e9e en pr\u00e9sence d\u2019un enseignant de la conduite et de la s\u00e9curit\u00e9 routi\u00e8re titulaire d\u2019une autorisation d\u2019enseigner en cours de validit\u00e9.  <br>L\u2019\u00e9quipe p\u00e9dagogique vous propose de suivre ses cours&nbsp;: <\/p>\n\n\n\n<p>\u2610  Alcool et stup\u00e9fiant <br>\u2610  Vitesse, distracteur et d\u00e9faut de port de ceinture de s\u00e9curit\u00e9&nbsp;&nbsp; &nbsp;&nbsp;&nbsp;&nbsp;&nbsp;&nbsp;&nbsp;&nbsp;&nbsp;&nbsp;<\/p>\n\n\n\n<p>En fonction de votre emploi du temps, vous venez au cours \u00e0 votre\nrythme. Pensez \u00e0 v\u00e9rifier les jours, les horaires et les th\u00e9matiques sur le\ntableau d\u2019affichage.<\/p>\n\n\n\n<p><strong>\u2610\u00a0 Parcours pratique\u00a0\u00a0\u00a0\u00a0\u00a0\u00a0\u00a0\u00a0\u00a0\u00a0\u00a0\u00a0\u00a0\u00a0\u00a0\u00a0\u00a0\u00a0\u00a0\u00a0\u00a0\u00a0\u00a0\u00a0\u00a0\u00a0\u00a0\u00a0\u00a0\u00a0\u00a0\u00a0\u00a0 \u2610\u00a0 Dispens\u00e9 de conduite <\/strong><\/p>\n\n\n\n<p>En mati\u00e8re d\u2019organisation p\u00e9dagogique, la formation \u00e0 l\u2019apprentissage de la conduite se fera progressif, tiendra compte votre personnalit\u00e9, de votre niveau&nbsp;&nbsp;et de la vari\u00e9t\u00e9 des situations. <br>Pendant la phase pratique, vous serez amen\u00e9 \u00e0 circuler : <\/p>\n\n\n\n<p>&#8211; En ville ; <br>&#8211; En rase campagne ;  <br>&#8211; Sur autoroute ;  <br>&#8211; De nuit (le\u00e7ons prises en hiver). <\/p>\n\n\n\n<p><strong>De l&rsquo;\u00e9coute p\u00e9dagogique pourra vous \u00eates propos\u00e9e.<\/strong><\/p>\n\n\n\n<p>En quoi consiste l&rsquo;\u00e9coute p\u00e9dagogique ? Pendant qu\u2019un \u00e9l\u00e8ve conduit, vous l&rsquo;observez, vous \u00e9coutez les explications et les conseils de l&rsquo;enseignant et vous participez de mani\u00e8re active en faisant part de vos observations et de vos r\u00e9flexions.  Votre enseignant va suivre le programme national REMC (r\u00e9f\u00e9rentiel pour l\u2019\u00e9ducation a une mobilit\u00e9 citoyenne). Nous ajusterons votre planning de conduite de fa\u00e7on \u00e0 alterner les heures de conduite : <\/p>\n\n\n\n<p>-heure de soir\u00e9e : conduite de nuit et les risques li\u00e9s  <br>-heures creuse : fluidit\u00e9 du trafic routier  <br>-heures pleines : circulation dense  <br>-heures avec des mauvaises conditions m\u00e9t\u00e9orologiques : risque lies \u00e0 la pluie, verglas et \u00e0 la r\u00e8glementation. <\/p>\n\n\n\n<p>Les\ndeux monitrices de PROJET CONDUITE Emmanuelle et Val\u00e9rie sont l\u00e0 pour vous\nformer \u00e0 devenir un bon conducteur, les outils p\u00e9dagogiques comme la fiche de\nsuivi, permettent aux enseignantes de suivre la progression de votre formation.<\/p>\n\n\n\n<p style=\"text-align:right\"><em>L\u2019auto-\u00e9cole PROJET CONDUITE te souhaite une bonne formation !<\/em><\/p>\n","protected":false},"excerpt":{"rendered":"<p>PARCOURS DE FORMATION CAT&Eacute;GORIE &#9744; B,&nbsp;&#9744; AAC et &#9744; CS NOM&nbsp;: &nbsp;&nbsp;&nbsp;&nbsp;&nbsp;&nbsp;&nbsp;&nbsp;&nbsp;&nbsp;&nbsp;&nbsp;&nbsp;&nbsp;&nbsp;&nbsp;&nbsp;&nbsp;&nbsp;&nbsp;&nbsp;&nbsp;&nbsp;&nbsp;&nbsp;&nbsp;&nbsp;&nbsp;&nbsp;&nbsp;&nbsp;&nbsp;&nbsp;&nbsp;&nbsp;&nbsp;&nbsp;&nbsp;&nbsp;&nbsp;&nbsp;&nbsp;&nbsp;&nbsp;&nbsp;PRENOM&nbsp;: Apprendre &agrave; conduire est une d&eacute;marche &eacute;ducative exigeante qui demande &agrave; l&rsquo;&eacute;l&egrave;ve de la concentration, de l&rsquo;assiduit&eacute; et de la motivation. Le parcours qui vous est propos&eacute; vous permettra de progresser dans votre formation pour vous amener en situation de r&eacute;ussite aux examens &hellip; <\/p>\n<p class=\"link-more\"><a href=\"http:\/\/www.projetconduite.fr\/index.php\/parcours-de-formation\/\" class=\"more-link\">Continuer la lecture<span class=\"screen-reader-text\"> de &laquo;&nbsp;Parcours de Formation&nbsp;&raquo;<\/span><\/a><\/p>\n","protected":false},"author":1,"featured_media":0,"parent":0,"menu_order":0,"comment_status":"closed","ping_status":"closed","template":"","meta":{"footnotes":""},"yoast_head":"<!-- This site is optimized with the Yoast SEO plugin v22.6 - https:\/\/yoast.com\/wordpress\/plugins\/seo\/ -->\n<title>Parcours de Formation - Projet Conduite<\/title>\n<meta name=\"description\" content=\"Bienvenue sur notre site Un rythme de formation personnalis\u00e9 Votre auto-\u00e9cole \u00e0 Dreux Votre auto-\u00e9cole Projet-Conduite\" \/>\n<meta name=\"robots\" content=\"index, follow, max-snippet:-1, max-image-preview:large, max-video-preview:-1\" \/>\n<link rel=\"canonical\" href=\"http:\/\/www.projetconduite.fr\/index.php\/parcours-de-formation\/\" \/>\n<meta property=\"og:locale\" content=\"fr_FR\" \/>\n<meta property=\"og:type\" content=\"article\" \/>\n<meta property=\"og:title\" content=\"Parcours de Formation - Projet Conduite\" \/>\n<meta property=\"og:description\" content=\"Bienvenue sur notre site Un rythme de formation personnalis\u00e9 Votre auto-\u00e9cole \u00e0 Dreux Votre auto-\u00e9cole Projet-Conduite\" \/>\n<meta property=\"og:url\" content=\"http:\/\/www.projetconduite.fr\/index.php\/parcours-de-formation\/\" \/>\n<meta property=\"og:site_name\" content=\"Projet Conduite\" \/>\n<meta property=\"article:publisher\" content=\"https:\/\/fr-fr.facebook.com\/prjetconduite\/\" \/>\n<meta property=\"article:modified_time\" content=\"2019-01-12T23:46:01+00:00\" \/>\n<meta property=\"og:image\" content=\"http:\/\/www.projetconduite.fr\/wp-content\/uploads\/2018\/07\/Logo-long.png\" \/>\n<meta name=\"twitter:card\" content=\"summary_large_image\" \/>\n<meta name=\"twitter:label1\" content=\"Dur\u00e9e de lecture estim\u00e9e\" \/>\n\t<meta name=\"twitter:data1\" content=\"3 minutes\" \/>\n<script type=\"application\/ld+json\" class=\"yoast-schema-graph\">{\"@context\":\"https:\/\/schema.org\",\"@graph\":[{\"@type\":\"WebPage\",\"@id\":\"http:\/\/www.projetconduite.fr\/index.php\/parcours-de-formation\/\",\"url\":\"http:\/\/www.projetconduite.fr\/index.php\/parcours-de-formation\/\",\"name\":\"Parcours de Formation - Projet Conduite\",\"isPartOf\":{\"@id\":\"http:\/\/www.projetconduite.fr\/#website\"},\"primaryImageOfPage\":{\"@id\":\"http:\/\/www.projetconduite.fr\/index.php\/parcours-de-formation\/#primaryimage\"},\"image\":{\"@id\":\"http:\/\/www.projetconduite.fr\/index.php\/parcours-de-formation\/#primaryimage\"},\"thumbnailUrl\":\"http:\/\/www.projetconduite.fr\/wp-content\/uploads\/2018\/07\/Logo-long.png\",\"datePublished\":\"2019-01-06T16:19:18+00:00\",\"dateModified\":\"2019-01-12T23:46:01+00:00\",\"description\":\"Bienvenue sur notre site Un rythme de formation personnalis\u00e9 Votre auto-\u00e9cole \u00e0 Dreux Votre auto-\u00e9cole Projet-Conduite\",\"breadcrumb\":{\"@id\":\"http:\/\/www.projetconduite.fr\/index.php\/parcours-de-formation\/#breadcrumb\"},\"inLanguage\":\"fr-FR\",\"potentialAction\":[{\"@type\":\"ReadAction\",\"target\":[\"http:\/\/www.projetconduite.fr\/index.php\/parcours-de-formation\/\"]}]},{\"@type\":\"ImageObject\",\"inLanguage\":\"fr-FR\",\"@id\":\"http:\/\/www.projetconduite.fr\/index.php\/parcours-de-formation\/#primaryimage\",\"url\":\"http:\/\/www.projetconduite.fr\/wp-content\/uploads\/2018\/07\/Logo-long.png\",\"contentUrl\":\"http:\/\/www.projetconduite.fr\/wp-content\/uploads\/2018\/07\/Logo-long.png\",\"width\":528,\"height\":126},{\"@type\":\"BreadcrumbList\",\"@id\":\"http:\/\/www.projetconduite.fr\/index.php\/parcours-de-formation\/#breadcrumb\",\"itemListElement\":[{\"@type\":\"ListItem\",\"position\":1,\"name\":\"Accueil\",\"item\":\"http:\/\/www.projetconduite.fr\/\"},{\"@type\":\"ListItem\",\"position\":2,\"name\":\"Parcours de Formation\"}]},{\"@type\":\"WebSite\",\"@id\":\"http:\/\/www.projetconduite.fr\/#website\",\"url\":\"http:\/\/www.projetconduite.fr\/\",\"name\":\"Projet Conduite\",\"description\":\"Nous concr\u00e9tisons votre projet de permis voiture\",\"publisher\":{\"@id\":\"http:\/\/www.projetconduite.fr\/#organization\"},\"potentialAction\":[{\"@type\":\"SearchAction\",\"target\":{\"@type\":\"EntryPoint\",\"urlTemplate\":\"http:\/\/www.projetconduite.fr\/?s={search_term_string}\"},\"query-input\":\"required name=search_term_string\"}],\"inLanguage\":\"fr-FR\"},{\"@type\":\"Organization\",\"@id\":\"http:\/\/www.projetconduite.fr\/#organization\",\"name\":\"Projet Conduite\",\"url\":\"http:\/\/www.projetconduite.fr\/\",\"logo\":{\"@type\":\"ImageObject\",\"inLanguage\":\"fr-FR\",\"@id\":\"http:\/\/www.projetconduite.fr\/#\/schema\/logo\/image\/\",\"url\":\"http:\/\/www.projetconduite.fr\/wp-content\/uploads\/2018\/07\/Logo-long-gros.png\",\"contentUrl\":\"http:\/\/www.projetconduite.fr\/wp-content\/uploads\/2018\/07\/Logo-long-gros.png\",\"width\":528,\"height\":126,\"caption\":\"Projet Conduite\"},\"image\":{\"@id\":\"http:\/\/www.projetconduite.fr\/#\/schema\/logo\/image\/\"},\"sameAs\":[\"https:\/\/fr-fr.facebook.com\/prjetconduite\/\"]}]}<\/script>\n<!-- \/ Yoast SEO plugin. -->","yoast_head_json":{"title":"Parcours de Formation - Projet Conduite","description":"Bienvenue sur notre site Un rythme de formation personnalis\u00e9 Votre auto-\u00e9cole \u00e0 Dreux Votre auto-\u00e9cole Projet-Conduite","robots":{"index":"index","follow":"follow","max-snippet":"max-snippet:-1","max-image-preview":"max-image-preview:large","max-video-preview":"max-video-preview:-1"},"canonical":"http:\/\/www.projetconduite.fr\/index.php\/parcours-de-formation\/","og_locale":"fr_FR","og_type":"article","og_title":"Parcours de Formation - Projet Conduite","og_description":"Bienvenue sur notre site Un rythme de formation personnalis\u00e9 Votre auto-\u00e9cole \u00e0 Dreux Votre auto-\u00e9cole Projet-Conduite","og_url":"http:\/\/www.projetconduite.fr\/index.php\/parcours-de-formation\/","og_site_name":"Projet Conduite","article_publisher":"https:\/\/fr-fr.facebook.com\/prjetconduite\/","article_modified_time":"2019-01-12T23:46:01+00:00","og_image":[{"url":"http:\/\/www.projetconduite.fr\/wp-content\/uploads\/2018\/07\/Logo-long.png"}],"twitter_card":"summary_large_image","twitter_misc":{"Dur\u00e9e de lecture estim\u00e9e":"3 minutes"},"schema":{"@context":"https:\/\/schema.org","@graph":[{"@type":"WebPage","@id":"http:\/\/www.projetconduite.fr\/index.php\/parcours-de-formation\/","url":"http:\/\/www.projetconduite.fr\/index.php\/parcours-de-formation\/","name":"Parcours de Formation - Projet Conduite","isPartOf":{"@id":"http:\/\/www.projetconduite.fr\/#website"},"primaryImageOfPage":{"@id":"http:\/\/www.projetconduite.fr\/index.php\/parcours-de-formation\/#primaryimage"},"image":{"@id":"http:\/\/www.projetconduite.fr\/index.php\/parcours-de-formation\/#primaryimage"},"thumbnailUrl":"http:\/\/www.projetconduite.fr\/wp-content\/uploads\/2018\/07\/Logo-long.png","datePublished":"2019-01-06T16:19:18+00:00","dateModified":"2019-01-12T23:46:01+00:00","description":"Bienvenue sur notre site Un rythme de formation personnalis\u00e9 Votre auto-\u00e9cole \u00e0 Dreux Votre auto-\u00e9cole Projet-Conduite","breadcrumb":{"@id":"http:\/\/www.projetconduite.fr\/index.php\/parcours-de-formation\/#breadcrumb"},"inLanguage":"fr-FR","potentialAction":[{"@type":"ReadAction","target":["http:\/\/www.projetconduite.fr\/index.php\/parcours-de-formation\/"]}]},{"@type":"ImageObject","inLanguage":"fr-FR","@id":"http:\/\/www.projetconduite.fr\/index.php\/parcours-de-formation\/#primaryimage","url":"http:\/\/www.projetconduite.fr\/wp-content\/uploads\/2018\/07\/Logo-long.png","contentUrl":"http:\/\/www.projetconduite.fr\/wp-content\/uploads\/2018\/07\/Logo-long.png","width":528,"height":126},{"@type":"BreadcrumbList","@id":"http:\/\/www.projetconduite.fr\/index.php\/parcours-de-formation\/#breadcrumb","itemListElement":[{"@type":"ListItem","position":1,"name":"Accueil","item":"http:\/\/www.projetconduite.fr\/"},{"@type":"ListItem","position":2,"name":"Parcours de Formation"}]},{"@type":"WebSite","@id":"http:\/\/www.projetconduite.fr\/#website","url":"http:\/\/www.projetconduite.fr\/","name":"Projet Conduite","description":"Nous concr\u00e9tisons votre projet de permis voiture","publisher":{"@id":"http:\/\/www.projetconduite.fr\/#organization"},"potentialAction":[{"@type":"SearchAction","target":{"@type":"EntryPoint","urlTemplate":"http:\/\/www.projetconduite.fr\/?s={search_term_string}"},"query-input":"required name=search_term_string"}],"inLanguage":"fr-FR"},{"@type":"Organization","@id":"http:\/\/www.projetconduite.fr\/#organization","name":"Projet Conduite","url":"http:\/\/www.projetconduite.fr\/","logo":{"@type":"ImageObject","inLanguage":"fr-FR","@id":"http:\/\/www.projetconduite.fr\/#\/schema\/logo\/image\/","url":"http:\/\/www.projetconduite.fr\/wp-content\/uploads\/2018\/07\/Logo-long-gros.png","contentUrl":"http:\/\/www.projetconduite.fr\/wp-content\/uploads\/2018\/07\/Logo-long-gros.png","width":528,"height":126,"caption":"Projet Conduite"},"image":{"@id":"http:\/\/www.projetconduite.fr\/#\/schema\/logo\/image\/"},"sameAs":["https:\/\/fr-fr.facebook.com\/prjetconduite\/"]}]}},"_links":{"self":[{"href":"http:\/\/www.projetconduite.fr\/index.php\/wp-json\/wp\/v2\/pages\/285"}],"collection":[{"href":"http:\/\/www.projetconduite.fr\/index.php\/wp-json\/wp\/v2\/pages"}],"about":[{"href":"http:\/\/www.projetconduite.fr\/index.php\/wp-json\/wp\/v2\/types\/page"}],"author":[{"embeddable":true,"href":"http:\/\/www.projetconduite.fr\/index.php\/wp-json\/wp\/v2\/users\/1"}],"replies":[{"embeddable":true,"href":"http:\/\/www.projetconduite.fr\/index.php\/wp-json\/wp\/v2\/comments?post=285"}],"version-history":[{"count":10,"href":"http:\/\/www.projetconduite.fr\/index.php\/wp-json\/wp\/v2\/pages\/285\/revisions"}],"predecessor-version":[{"id":350,"href":"http:\/\/www.projetconduite.fr\/index.php\/wp-json\/wp\/v2\/pages\/285\/revisions\/350"}],"wp:attachment":[{"href":"http:\/\/www.projetconduite.fr\/index.php\/wp-json\/wp\/v2\/media?parent=285"}],"curies":[{"name":"wp","href":"https:\/\/api.w.org\/{rel}","templated":true}]}}