{"id":309,"date":"2019-01-06T17:55:00","date_gmt":"2019-01-06T16:55:00","guid":{"rendered":"http:\/\/www.projetconduite.fr\/?page_id=309"},"modified":"2023-11-01T17:23:17","modified_gmt":"2023-11-01T16:23:17","slug":"les-horaires","status":"publish","type":"page","link":"http:\/\/www.projetconduite.fr\/index.php\/les-horaires\/","title":{"rendered":"Les Horaires"},"content":{"rendered":"\n<figure class=\"wp-block-image\"><img decoding=\"async\" loading=\"lazy\" width=\"528\" height=\"126\" src=\"http:\/\/www.projetconduite.fr\/wp-content\/uploads\/2018\/07\/Logo-long-gros.png\" alt=\"\" class=\"wp-image-125\" srcset=\"http:\/\/www.projetconduite.fr\/wp-content\/uploads\/2018\/07\/Logo-long-gros.png 528w, http:\/\/www.projetconduite.fr\/wp-content\/uploads\/2018\/07\/Logo-long-gros-300x72.png 300w\" sizes=\"(max-width: 528px) 100vw, 528px\" \/><\/figure>\n\n\n\n<h2 class=\"wp-block-heading\">Les Horaires de conduite<\/h2>\n\n\n\n<figure class=\"wp-block-image size-full is-resized\"><img decoding=\"async\" loading=\"lazy\" width=\"736\" height=\"349\" src=\"http:\/\/www.projetconduite.fr\/wp-content\/uploads\/2023\/11\/image-1.png\" alt=\"\" class=\"wp-image-461\" style=\"aspect-ratio:2.108882521489971;width:674px;height:auto\" srcset=\"http:\/\/www.projetconduite.fr\/wp-content\/uploads\/2023\/11\/image-1.png 736w, http:\/\/www.projetconduite.fr\/wp-content\/uploads\/2023\/11\/image-1-300x142.png 300w\" sizes=\"(max-width: 736px) 100vw, 736px\" \/><\/figure>\n\n\n\n<h2 class=\"wp-block-heading\">Les horaires de s\u00e9rie de code et de cours collectifs th\u00e9oriques<\/h2>\n\n\n\n<figure class=\"wp-block-image size-full\"><img decoding=\"async\" loading=\"lazy\" width=\"760\" height=\"351\" src=\"http:\/\/www.projetconduite.fr\/wp-content\/uploads\/2023\/11\/image-2.png\" alt=\"\" class=\"wp-image-462\" srcset=\"http:\/\/www.projetconduite.fr\/wp-content\/uploads\/2023\/11\/image-2.png 760w, http:\/\/www.projetconduite.fr\/wp-content\/uploads\/2023\/11\/image-2-300x139.png 300w\" sizes=\"(max-width: 706px) 89vw, (max-width: 767px) 82vw, 740px\" \/><\/figure>\n\n\n\n<ul>\n<li>bleue = s\u00e9rie de code de la route<\/li>\n\n\n\n<li>jaune = cours th\u00e9oriques collectifs<\/li>\n<\/ul>\n","protected":false},"excerpt":{"rendered":"<p>Les Horaires de conduite Les horaires de s&eacute;rie de code et de cours collectifs th&eacute;oriques<\/p>\n","protected":false},"author":1,"featured_media":0,"parent":0,"menu_order":0,"comment_status":"closed","ping_status":"closed","template":"","meta":{"footnotes":""},"yoast_head":"<!-- This site is optimized with the Yoast SEO plugin v22.6 - https:\/\/yoast.com\/wordpress\/plugins\/seo\/ -->\n<title>Les Horaires - Projet Conduite<\/title>\n<meta name=\"description\" content=\"Bienvenue sur notre site Un rythme de formation personnalis\u00e9 Votre auto-\u00e9cole \u00e0 Dreux Votre auto-\u00e9cole Projet-Conduite\" \/>\n<meta name=\"robots\" content=\"index, follow, max-snippet:-1, max-image-preview:large, max-video-preview:-1\" \/>\n<link rel=\"canonical\" href=\"http:\/\/www.projetconduite.fr\/index.php\/les-horaires\/\" \/>\n<meta property=\"og:locale\" content=\"fr_FR\" \/>\n<meta property=\"og:type\" content=\"article\" \/>\n<meta property=\"og:title\" content=\"Les Horaires - Projet Conduite\" \/>\n<meta property=\"og:description\" content=\"Bienvenue sur notre site Un rythme de formation personnalis\u00e9 Votre auto-\u00e9cole \u00e0 Dreux Votre auto-\u00e9cole Projet-Conduite\" \/>\n<meta property=\"og:url\" content=\"http:\/\/www.projetconduite.fr\/index.php\/les-horaires\/\" \/>\n<meta property=\"og:site_name\" content=\"Projet Conduite\" \/>\n<meta property=\"article:publisher\" content=\"https:\/\/fr-fr.facebook.com\/prjetconduite\/\" \/>\n<meta property=\"article:modified_time\" content=\"2023-11-01T16:23:17+00:00\" \/>\n<meta property=\"og:image\" content=\"http:\/\/www.projetconduite.fr\/wp-content\/uploads\/2018\/07\/Logo-long-gros.png\" \/>\n<meta name=\"twitter:card\" content=\"summary_large_image\" \/>\n<script type=\"application\/ld+json\" class=\"yoast-schema-graph\">{\"@context\":\"https:\/\/schema.org\",\"@graph\":[{\"@type\":\"WebPage\",\"@id\":\"http:\/\/www.projetconduite.fr\/index.php\/les-horaires\/\",\"url\":\"http:\/\/www.projetconduite.fr\/index.php\/les-horaires\/\",\"name\":\"Les Horaires - Projet Conduite\",\"isPartOf\":{\"@id\":\"http:\/\/www.projetconduite.fr\/#website\"},\"primaryImageOfPage\":{\"@id\":\"http:\/\/www.projetconduite.fr\/index.php\/les-horaires\/#primaryimage\"},\"image\":{\"@id\":\"http:\/\/www.projetconduite.fr\/index.php\/les-horaires\/#primaryimage\"},\"thumbnailUrl\":\"http:\/\/www.projetconduite.fr\/wp-content\/uploads\/2018\/07\/Logo-long-gros.png\",\"datePublished\":\"2019-01-06T16:55:00+00:00\",\"dateModified\":\"2023-11-01T16:23:17+00:00\",\"description\":\"Bienvenue sur notre site Un rythme de formation personnalis\u00e9 Votre auto-\u00e9cole \u00e0 Dreux Votre auto-\u00e9cole Projet-Conduite\",\"breadcrumb\":{\"@id\":\"http:\/\/www.projetconduite.fr\/index.php\/les-horaires\/#breadcrumb\"},\"inLanguage\":\"fr-FR\",\"potentialAction\":[{\"@type\":\"ReadAction\",\"target\":[\"http:\/\/www.projetconduite.fr\/index.php\/les-horaires\/\"]}]},{\"@type\":\"ImageObject\",\"inLanguage\":\"fr-FR\",\"@id\":\"http:\/\/www.projetconduite.fr\/index.php\/les-horaires\/#primaryimage\",\"url\":\"http:\/\/www.projetconduite.fr\/wp-content\/uploads\/2018\/07\/Logo-long-gros.png\",\"contentUrl\":\"http:\/\/www.projetconduite.fr\/wp-content\/uploads\/2018\/07\/Logo-long-gros.png\",\"width\":528,\"height\":126},{\"@type\":\"BreadcrumbList\",\"@id\":\"http:\/\/www.projetconduite.fr\/index.php\/les-horaires\/#breadcrumb\",\"itemListElement\":[{\"@type\":\"ListItem\",\"position\":1,\"name\":\"Accueil\",\"item\":\"http:\/\/www.projetconduite.fr\/\"},{\"@type\":\"ListItem\",\"position\":2,\"name\":\"Les Horaires\"}]},{\"@type\":\"WebSite\",\"@id\":\"http:\/\/www.projetconduite.fr\/#website\",\"url\":\"http:\/\/www.projetconduite.fr\/\",\"name\":\"Projet Conduite\",\"description\":\"Nous concr\u00e9tisons votre projet de permis voiture\",\"publisher\":{\"@id\":\"http:\/\/www.projetconduite.fr\/#organization\"},\"potentialAction\":[{\"@type\":\"SearchAction\",\"target\":{\"@type\":\"EntryPoint\",\"urlTemplate\":\"http:\/\/www.projetconduite.fr\/?s={search_term_string}\"},\"query-input\":\"required name=search_term_string\"}],\"inLanguage\":\"fr-FR\"},{\"@type\":\"Organization\",\"@id\":\"http:\/\/www.projetconduite.fr\/#organization\",\"name\":\"Projet Conduite\",\"url\":\"http:\/\/www.projetconduite.fr\/\",\"logo\":{\"@type\":\"ImageObject\",\"inLanguage\":\"fr-FR\",\"@id\":\"http:\/\/www.projetconduite.fr\/#\/schema\/logo\/image\/\",\"url\":\"http:\/\/www.projetconduite.fr\/wp-content\/uploads\/2018\/07\/Logo-long-gros.png\",\"contentUrl\":\"http:\/\/www.projetconduite.fr\/wp-content\/uploads\/2018\/07\/Logo-long-gros.png\",\"width\":528,\"height\":126,\"caption\":\"Projet Conduite\"},\"image\":{\"@id\":\"http:\/\/www.projetconduite.fr\/#\/schema\/logo\/image\/\"},\"sameAs\":[\"https:\/\/fr-fr.facebook.com\/prjetconduite\/\"]}]}<\/script>\n<!-- \/ Yoast SEO plugin. -->","yoast_head_json":{"title":"Les Horaires - Projet Conduite","description":"Bienvenue sur notre site Un rythme de formation personnalis\u00e9 Votre auto-\u00e9cole \u00e0 Dreux Votre auto-\u00e9cole Projet-Conduite","robots":{"index":"index","follow":"follow","max-snippet":"max-snippet:-1","max-image-preview":"max-image-preview:large","max-video-preview":"max-video-preview:-1"},"canonical":"http:\/\/www.projetconduite.fr\/index.php\/les-horaires\/","og_locale":"fr_FR","og_type":"article","og_title":"Les Horaires - Projet Conduite","og_description":"Bienvenue sur notre site Un rythme de formation personnalis\u00e9 Votre auto-\u00e9cole \u00e0 Dreux Votre auto-\u00e9cole Projet-Conduite","og_url":"http:\/\/www.projetconduite.fr\/index.php\/les-horaires\/","og_site_name":"Projet Conduite","article_publisher":"https:\/\/fr-fr.facebook.com\/prjetconduite\/","article_modified_time":"2023-11-01T16:23:17+00:00","og_image":[{"url":"http:\/\/www.projetconduite.fr\/wp-content\/uploads\/2018\/07\/Logo-long-gros.png"}],"twitter_card":"summary_large_image","schema":{"@context":"https:\/\/schema.org","@graph":[{"@type":"WebPage","@id":"http:\/\/www.projetconduite.fr\/index.php\/les-horaires\/","url":"http:\/\/www.projetconduite.fr\/index.php\/les-horaires\/","name":"Les Horaires - Projet Conduite","isPartOf":{"@id":"http:\/\/www.projetconduite.fr\/#website"},"primaryImageOfPage":{"@id":"http:\/\/www.projetconduite.fr\/index.php\/les-horaires\/#primaryimage"},"image":{"@id":"http:\/\/www.projetconduite.fr\/index.php\/les-horaires\/#primaryimage"},"thumbnailUrl":"http:\/\/www.projetconduite.fr\/wp-content\/uploads\/2018\/07\/Logo-long-gros.png","datePublished":"2019-01-06T16:55:00+00:00","dateModified":"2023-11-01T16:23:17+00:00","description":"Bienvenue sur notre site Un rythme de formation personnalis\u00e9 Votre auto-\u00e9cole \u00e0 Dreux Votre auto-\u00e9cole Projet-Conduite","breadcrumb":{"@id":"http:\/\/www.projetconduite.fr\/index.php\/les-horaires\/#breadcrumb"},"inLanguage":"fr-FR","potentialAction":[{"@type":"ReadAction","target":["http:\/\/www.projetconduite.fr\/index.php\/les-horaires\/"]}]},{"@type":"ImageObject","inLanguage":"fr-FR","@id":"http:\/\/www.projetconduite.fr\/index.php\/les-horaires\/#primaryimage","url":"http:\/\/www.projetconduite.fr\/wp-content\/uploads\/2018\/07\/Logo-long-gros.png","contentUrl":"http:\/\/www.projetconduite.fr\/wp-content\/uploads\/2018\/07\/Logo-long-gros.png","width":528,"height":126},{"@type":"BreadcrumbList","@id":"http:\/\/www.projetconduite.fr\/index.php\/les-horaires\/#breadcrumb","itemListElement":[{"@type":"ListItem","position":1,"name":"Accueil","item":"http:\/\/www.projetconduite.fr\/"},{"@type":"ListItem","position":2,"name":"Les Horaires"}]},{"@type":"WebSite","@id":"http:\/\/www.projetconduite.fr\/#website","url":"http:\/\/www.projetconduite.fr\/","name":"Projet Conduite","description":"Nous concr\u00e9tisons votre projet de permis voiture","publisher":{"@id":"http:\/\/www.projetconduite.fr\/#organization"},"potentialAction":[{"@type":"SearchAction","target":{"@type":"EntryPoint","urlTemplate":"http:\/\/www.projetconduite.fr\/?s={search_term_string}"},"query-input":"required name=search_term_string"}],"inLanguage":"fr-FR"},{"@type":"Organization","@id":"http:\/\/www.projetconduite.fr\/#organization","name":"Projet Conduite","url":"http:\/\/www.projetconduite.fr\/","logo":{"@type":"ImageObject","inLanguage":"fr-FR","@id":"http:\/\/www.projetconduite.fr\/#\/schema\/logo\/image\/","url":"http:\/\/www.projetconduite.fr\/wp-content\/uploads\/2018\/07\/Logo-long-gros.png","contentUrl":"http:\/\/www.projetconduite.fr\/wp-content\/uploads\/2018\/07\/Logo-long-gros.png","width":528,"height":126,"caption":"Projet Conduite"},"image":{"@id":"http:\/\/www.projetconduite.fr\/#\/schema\/logo\/image\/"},"sameAs":["https:\/\/fr-fr.facebook.com\/prjetconduite\/"]}]}},"_links":{"self":[{"href":"http:\/\/www.projetconduite.fr\/index.php\/wp-json\/wp\/v2\/pages\/309"}],"collection":[{"href":"http:\/\/www.projetconduite.fr\/index.php\/wp-json\/wp\/v2\/pages"}],"about":[{"href":"http:\/\/www.projetconduite.fr\/index.php\/wp-json\/wp\/v2\/types\/page"}],"author":[{"embeddable":true,"href":"http:\/\/www.projetconduite.fr\/index.php\/wp-json\/wp\/v2\/users\/1"}],"replies":[{"embeddable":true,"href":"http:\/\/www.projetconduite.fr\/index.php\/wp-json\/wp\/v2\/comments?post=309"}],"version-history":[{"count":9,"href":"http:\/\/www.projetconduite.fr\/index.php\/wp-json\/wp\/v2\/pages\/309\/revisions"}],"predecessor-version":[{"id":463,"href":"http:\/\/www.projetconduite.fr\/index.php\/wp-json\/wp\/v2\/pages\/309\/revisions\/463"}],"wp:attachment":[{"href":"http:\/\/www.projetconduite.fr\/index.php\/wp-json\/wp\/v2\/media?parent=309"}],"curies":[{"name":"wp","href":"https:\/\/api.w.org\/{rel}","templated":true}]}}