{"id":40,"date":"2018-07-22T16:50:53","date_gmt":"2018-07-22T14:50:53","guid":{"rendered":"http:\/\/www.projetconduite.fr\/?page_id=40"},"modified":"2018-09-07T17:48:17","modified_gmt":"2018-09-07T15:48:17","slug":"coucou1","status":"publish","type":"page","link":"http:\/\/www.projetconduite.fr\/index.php\/coucou1\/","title":{"rendered":"Evaluation de d\u00e9part"},"content":{"rendered":"<p>Evaluation de d\u00e9part<\/p>\n<p>(D\u00e9roulement)<\/p>\n<p>L\u2019\u00e9valuation de d\u00e9part principalement utilis\u00e9e est une \u00e9valuation informatique fournie par un fournisseur agr\u00e9e (code rousseau)<\/p>\n<p><u>Objectif\u00a0:<\/u><\/p>\n<ul>\n<li>Faire le point sur votre niveau ;<\/li>\n<li>D\u00e9terminer le nombre d\u2019heures dont vous avez besoin pour obtenir le niveau permis ;<\/li>\n<li>Voir si la p\u00e9dagogie de l\u2019auto-\u00e9cole vous convient.<\/li>\n<\/ul>\n<p><u>lieu<\/u>\u00a0:<\/p>\n<p>L&rsquo;\u00e9valuation de d\u00e9part peut avoir lieu dans le local de l&rsquo;auto-\u00e9cole ou dans un v\u00e9hicule de l&rsquo;auto-\u00e9cole (en circulation).<\/p>\n<p>Ce test est obligatoire mais ne vous engage pas \u00e0 l&rsquo;auto-\u00e9cole, il vous est toujours possible d&rsquo;en changer. Si vous n\u2019\u00eates pas satisfait du nombre d\u2019heures pr\u00e9visionnel de cours de conduite annonc\u00e9, vous pouvez faire appel \u00e0 une autre auto-\u00e9cole et faire une nouvelle estimation.<\/p>\n<p><u>D\u00e9roulement <\/u>:<\/p>\n<ul>\n<li>Avant la signature de votre contrat, il vous sera propos\u00e9 une \u00e9valuation de d\u00e9part informatique\/dynamique.<\/li>\n<li>Apr\u00e8s votre installation, un questionnaire vous sera pos\u00e9 par votre moniteur (vision, motivation, votre exp\u00e9rience de la conduite\u2026\u2026)<\/li>\n<li>20 exercices pour tester 12 facult\u00e9s n\u00e9cessaire \u00e0 la conduite.<\/li>\n<\/ul>\n<p>&nbsp;<\/p>\n<ul>\n<li>Exemple\u00a0: <u>ob\u00e9issance aux r\u00e8gles\u00a0:<\/u><\/li>\n<\/ul>\n<p>-Respect des consignes\u00a0:<\/p>\n<p><em>\u00a0\u00a0\u00a0\u00a0\u00a0\u00a0\u00a0\u00a0\u00a0\u00a0\u00a0\u00a0\u00a0\u00a0\u00a0\u00a0\u00a0\u00a0\u00a0\u00a0\u00a0\u00a0\u00a0\u00a0\u00a0\u00a0\u00a0\u00a0\u00a0\u00a0\u00a0\u00a0\u00a0\u00a0\u00a0\u00a0\u00a0\u00a0\u00a0\u00a0\u00a0\u00a0\u00a0\u00a0\u00a0\u00a0\u00a0\u00a0\u00a0\u00a0\u00a0\u00a0\u00a0\u00a0 Exercice\u00a0:\u00a0* roue de garage*<\/em><\/p>\n<p><em>Une image avec des roues de voiture apparaissent \u00e0 l\u2019\u00e9cran<\/em><\/p>\n<p><em>La consigne est de m\u00e9moriser leur emplacement et puis les yeux ferm\u00e9s d\u2019\u00eatre capable de les replacer.\u00a0 <\/em><\/p>\n<p>Lorsque vous avez termin\u00e9 les exercices, vous d\u00e9couvrez vos r\u00e9sultats sous forme de lettre qui correspond \u00e0 un nombre d\u2019heures pr\u00e9visionnel.<\/p>\n<p><u>Dur\u00e9e\u00a0:<\/u><\/p>\n<p>Environ 1 heure<\/p>\n<p>Le programme teste, en 20 exercices, les 12 facult\u00e9s cognitives du candidat n\u00e9cessaires \u00e0 l&rsquo;apprentissage de la conduite.<\/p>\n<ul>\n<li><u>Balayage visuel<\/u><\/li>\n<li><u>Inhibition<\/u><\/li>\n<li><u>Attention partag\u00e9e<\/u><\/li>\n<li><u>Concentration<\/u><\/li>\n<li><u>Ob\u00e9issance aux r\u00e8gles<\/u><\/li>\n<li><u>Pr\u00e9vention des risques<\/u><\/li>\n<li><u>Adaptation<\/u><\/li>\n<li><u>Temps de r\u00e9action<\/u><\/li>\n<li><u>Coordination motrice<\/u><\/li>\n<li><u>M\u00e9moire visuelle \u00e0 court terme<\/u><\/li>\n<li><u>Estimation<\/u><\/li>\n<li><u>Largeur du champ de vision<\/u><\/li>\n<\/ul>\n<p>Ces tests sont bas\u00e9s sur des tests scientifiques mondialement connus. Ils permettent d\u2019avoir une mesure pr\u00e9cise et fiable des r\u00e9sultats.<\/p>\n<p>L&rsquo;\u00e9l\u00e8ve est autonome durant toute la dur\u00e9e de l&rsquo;\u00e9valuation.<\/p>\n<p>A la fin des 20 exercices, nous remettons au candidat un bilan de cette \u00e9valuation avec un classement des capacit\u00e9s cognitives, traduit sous forme de lettre, permettant de proposer un volume d\u2019heures de pratique.<\/p>\n<p>Le r\u00e9sultat est \u00e9galement transmis informatiquement \u00e0 notre base de donn\u00e9es candidats.<\/p>\n<p>&nbsp;<\/p>\n<p>Cette \u00e9valuation permet d\u2019\u00e9tablir un contrat de formation, pr\u00e9cisant le volume d\u2019heures pr\u00e9visionnel n\u00e9cessaire \u00e0 la formation pratique, d\u00e9termin\u00e9 en toute objectivit\u00e9.<\/p>\n","protected":false},"excerpt":{"rendered":"<p>Evaluation de d&eacute;part (D&eacute;roulement) L&rsquo;&eacute;valuation de d&eacute;part principalement utilis&eacute;e est une &eacute;valuation informatique fournie par un fournisseur agr&eacute;e (code rousseau) Objectif&nbsp;: Faire le point sur votre niveau ; D&eacute;terminer le nombre d&rsquo;heures dont vous avez besoin pour obtenir le niveau permis ; Voir si la p&eacute;dagogie de l&rsquo;auto-&eacute;cole vous convient. lieu&nbsp;: L&rsquo;&eacute;valuation de d&eacute;part peut &hellip; <\/p>\n<p class=\"link-more\"><a href=\"http:\/\/www.projetconduite.fr\/index.php\/coucou1\/\" class=\"more-link\">Continuer la lecture<span class=\"screen-reader-text\"> de &laquo;&nbsp;Evaluation de d\u00e9part&nbsp;&raquo;<\/span><\/a><\/p>\n","protected":false},"author":1,"featured_media":0,"parent":0,"menu_order":0,"comment_status":"closed","ping_status":"closed","template":"","meta":{"footnotes":""},"yoast_head":"<!-- This site is optimized with the Yoast SEO plugin v22.6 - https:\/\/yoast.com\/wordpress\/plugins\/seo\/ -->\n<title>Evaluation de d\u00e9part - Projet Conduite<\/title>\n<meta name=\"description\" content=\"Bienvenue sur notre site Un rythme de formation personnalis\u00e9 Votre auto-\u00e9cole \u00e0 Dreux Votre auto-\u00e9cole Projet-Conduite\" \/>\n<meta name=\"robots\" content=\"index, follow, max-snippet:-1, max-image-preview:large, max-video-preview:-1\" \/>\n<link rel=\"canonical\" href=\"http:\/\/www.projetconduite.fr\/index.php\/coucou1\/\" \/>\n<meta property=\"og:locale\" content=\"fr_FR\" \/>\n<meta property=\"og:type\" content=\"article\" \/>\n<meta property=\"og:title\" content=\"Evaluation de d\u00e9part - Projet Conduite\" \/>\n<meta property=\"og:description\" content=\"Bienvenue sur notre site Un rythme de formation personnalis\u00e9 Votre auto-\u00e9cole \u00e0 Dreux Votre auto-\u00e9cole Projet-Conduite\" \/>\n<meta property=\"og:url\" content=\"http:\/\/www.projetconduite.fr\/index.php\/coucou1\/\" \/>\n<meta property=\"og:site_name\" content=\"Projet Conduite\" \/>\n<meta property=\"article:publisher\" content=\"https:\/\/fr-fr.facebook.com\/prjetconduite\/\" \/>\n<meta property=\"article:modified_time\" content=\"2018-09-07T15:48:17+00:00\" \/>\n<meta name=\"twitter:card\" content=\"summary_large_image\" \/>\n<meta name=\"twitter:label1\" content=\"Dur\u00e9e de lecture estim\u00e9e\" \/>\n\t<meta name=\"twitter:data1\" content=\"2 minutes\" \/>\n<script type=\"application\/ld+json\" class=\"yoast-schema-graph\">{\"@context\":\"https:\/\/schema.org\",\"@graph\":[{\"@type\":\"WebPage\",\"@id\":\"http:\/\/www.projetconduite.fr\/index.php\/coucou1\/\",\"url\":\"http:\/\/www.projetconduite.fr\/index.php\/coucou1\/\",\"name\":\"Evaluation de d\u00e9part - Projet Conduite\",\"isPartOf\":{\"@id\":\"http:\/\/www.projetconduite.fr\/#website\"},\"datePublished\":\"2018-07-22T14:50:53+00:00\",\"dateModified\":\"2018-09-07T15:48:17+00:00\",\"description\":\"Bienvenue sur notre site Un rythme de formation personnalis\u00e9 Votre auto-\u00e9cole \u00e0 Dreux Votre auto-\u00e9cole Projet-Conduite\",\"breadcrumb\":{\"@id\":\"http:\/\/www.projetconduite.fr\/index.php\/coucou1\/#breadcrumb\"},\"inLanguage\":\"fr-FR\",\"potentialAction\":[{\"@type\":\"ReadAction\",\"target\":[\"http:\/\/www.projetconduite.fr\/index.php\/coucou1\/\"]}]},{\"@type\":\"BreadcrumbList\",\"@id\":\"http:\/\/www.projetconduite.fr\/index.php\/coucou1\/#breadcrumb\",\"itemListElement\":[{\"@type\":\"ListItem\",\"position\":1,\"name\":\"Accueil\",\"item\":\"http:\/\/www.projetconduite.fr\/\"},{\"@type\":\"ListItem\",\"position\":2,\"name\":\"Evaluation de d\u00e9part\"}]},{\"@type\":\"WebSite\",\"@id\":\"http:\/\/www.projetconduite.fr\/#website\",\"url\":\"http:\/\/www.projetconduite.fr\/\",\"name\":\"Projet Conduite\",\"description\":\"Nous concr\u00e9tisons votre projet de permis voiture\",\"publisher\":{\"@id\":\"http:\/\/www.projetconduite.fr\/#organization\"},\"potentialAction\":[{\"@type\":\"SearchAction\",\"target\":{\"@type\":\"EntryPoint\",\"urlTemplate\":\"http:\/\/www.projetconduite.fr\/?s={search_term_string}\"},\"query-input\":\"required name=search_term_string\"}],\"inLanguage\":\"fr-FR\"},{\"@type\":\"Organization\",\"@id\":\"http:\/\/www.projetconduite.fr\/#organization\",\"name\":\"Projet Conduite\",\"url\":\"http:\/\/www.projetconduite.fr\/\",\"logo\":{\"@type\":\"ImageObject\",\"inLanguage\":\"fr-FR\",\"@id\":\"http:\/\/www.projetconduite.fr\/#\/schema\/logo\/image\/\",\"url\":\"http:\/\/www.projetconduite.fr\/wp-content\/uploads\/2018\/07\/Logo-long-gros.png\",\"contentUrl\":\"http:\/\/www.projetconduite.fr\/wp-content\/uploads\/2018\/07\/Logo-long-gros.png\",\"width\":528,\"height\":126,\"caption\":\"Projet Conduite\"},\"image\":{\"@id\":\"http:\/\/www.projetconduite.fr\/#\/schema\/logo\/image\/\"},\"sameAs\":[\"https:\/\/fr-fr.facebook.com\/prjetconduite\/\"]}]}<\/script>\n<!-- \/ Yoast SEO plugin. -->","yoast_head_json":{"title":"Evaluation de d\u00e9part - Projet Conduite","description":"Bienvenue sur notre site Un rythme de formation personnalis\u00e9 Votre auto-\u00e9cole \u00e0 Dreux Votre auto-\u00e9cole Projet-Conduite","robots":{"index":"index","follow":"follow","max-snippet":"max-snippet:-1","max-image-preview":"max-image-preview:large","max-video-preview":"max-video-preview:-1"},"canonical":"http:\/\/www.projetconduite.fr\/index.php\/coucou1\/","og_locale":"fr_FR","og_type":"article","og_title":"Evaluation de d\u00e9part - Projet Conduite","og_description":"Bienvenue sur notre site Un rythme de formation personnalis\u00e9 Votre auto-\u00e9cole \u00e0 Dreux Votre auto-\u00e9cole Projet-Conduite","og_url":"http:\/\/www.projetconduite.fr\/index.php\/coucou1\/","og_site_name":"Projet Conduite","article_publisher":"https:\/\/fr-fr.facebook.com\/prjetconduite\/","article_modified_time":"2018-09-07T15:48:17+00:00","twitter_card":"summary_large_image","twitter_misc":{"Dur\u00e9e de lecture estim\u00e9e":"2 minutes"},"schema":{"@context":"https:\/\/schema.org","@graph":[{"@type":"WebPage","@id":"http:\/\/www.projetconduite.fr\/index.php\/coucou1\/","url":"http:\/\/www.projetconduite.fr\/index.php\/coucou1\/","name":"Evaluation de d\u00e9part - Projet Conduite","isPartOf":{"@id":"http:\/\/www.projetconduite.fr\/#website"},"datePublished":"2018-07-22T14:50:53+00:00","dateModified":"2018-09-07T15:48:17+00:00","description":"Bienvenue sur notre site Un rythme de formation personnalis\u00e9 Votre auto-\u00e9cole \u00e0 Dreux Votre auto-\u00e9cole Projet-Conduite","breadcrumb":{"@id":"http:\/\/www.projetconduite.fr\/index.php\/coucou1\/#breadcrumb"},"inLanguage":"fr-FR","potentialAction":[{"@type":"ReadAction","target":["http:\/\/www.projetconduite.fr\/index.php\/coucou1\/"]}]},{"@type":"BreadcrumbList","@id":"http:\/\/www.projetconduite.fr\/index.php\/coucou1\/#breadcrumb","itemListElement":[{"@type":"ListItem","position":1,"name":"Accueil","item":"http:\/\/www.projetconduite.fr\/"},{"@type":"ListItem","position":2,"name":"Evaluation de d\u00e9part"}]},{"@type":"WebSite","@id":"http:\/\/www.projetconduite.fr\/#website","url":"http:\/\/www.projetconduite.fr\/","name":"Projet Conduite","description":"Nous concr\u00e9tisons votre projet de permis voiture","publisher":{"@id":"http:\/\/www.projetconduite.fr\/#organization"},"potentialAction":[{"@type":"SearchAction","target":{"@type":"EntryPoint","urlTemplate":"http:\/\/www.projetconduite.fr\/?s={search_term_string}"},"query-input":"required name=search_term_string"}],"inLanguage":"fr-FR"},{"@type":"Organization","@id":"http:\/\/www.projetconduite.fr\/#organization","name":"Projet Conduite","url":"http:\/\/www.projetconduite.fr\/","logo":{"@type":"ImageObject","inLanguage":"fr-FR","@id":"http:\/\/www.projetconduite.fr\/#\/schema\/logo\/image\/","url":"http:\/\/www.projetconduite.fr\/wp-content\/uploads\/2018\/07\/Logo-long-gros.png","contentUrl":"http:\/\/www.projetconduite.fr\/wp-content\/uploads\/2018\/07\/Logo-long-gros.png","width":528,"height":126,"caption":"Projet Conduite"},"image":{"@id":"http:\/\/www.projetconduite.fr\/#\/schema\/logo\/image\/"},"sameAs":["https:\/\/fr-fr.facebook.com\/prjetconduite\/"]}]}},"_links":{"self":[{"href":"http:\/\/www.projetconduite.fr\/index.php\/wp-json\/wp\/v2\/pages\/40"}],"collection":[{"href":"http:\/\/www.projetconduite.fr\/index.php\/wp-json\/wp\/v2\/pages"}],"about":[{"href":"http:\/\/www.projetconduite.fr\/index.php\/wp-json\/wp\/v2\/types\/page"}],"author":[{"embeddable":true,"href":"http:\/\/www.projetconduite.fr\/index.php\/wp-json\/wp\/v2\/users\/1"}],"replies":[{"embeddable":true,"href":"http:\/\/www.projetconduite.fr\/index.php\/wp-json\/wp\/v2\/comments?post=40"}],"version-history":[{"count":4,"href":"http:\/\/www.projetconduite.fr\/index.php\/wp-json\/wp\/v2\/pages\/40\/revisions"}],"predecessor-version":[{"id":181,"href":"http:\/\/www.projetconduite.fr\/index.php\/wp-json\/wp\/v2\/pages\/40\/revisions\/181"}],"wp:attachment":[{"href":"http:\/\/www.projetconduite.fr\/index.php\/wp-json\/wp\/v2\/media?parent=40"}],"curies":[{"name":"wp","href":"https:\/\/api.w.org\/{rel}","templated":true}]}}