{"id":86,"date":"2018-07-22T18:05:02","date_gmt":"2018-07-22T16:05:02","guid":{"rendered":"http:\/\/www.projetconduite.fr\/?page_id=86"},"modified":"2018-07-22T18:05:02","modified_gmt":"2018-07-22T16:05:02","slug":"lexamen-theorique-code","status":"publish","type":"page","link":"http:\/\/www.projetconduite.fr\/index.php\/lexamen-theorique-code\/","title":{"rendered":"L\u2019examen th\u00e9orique  (Code)"},"content":{"rendered":"<p>D\u00e9roulement de l\u2019examen du Code de la Route : l\u2019organisation de la s\u00e9ance de l\u2019\u00e9preuve<\/p>\n<p>A l\u2019arriv\u00e9e, les candidats font l\u2019objet d\u2019une v\u00e9rification d\u2019identit\u00e9 et de la validit\u00e9 des documents n\u00e9cessaires \u00e0 l\u2019examen.<\/p>\n<p>Ensuite, l\u2019examen du Code de la Route proprement dit commence. Les candidats r\u00e9pondent, sur la tablette, \u00e0 une s\u00e9rie de 40 questions.<\/p>\n<p>L\u2019examen prend la forme de questions \u00e0 choix multiples (QCM) auxquelles vous devez r\u00e9pondre par A, B, C ou D (ce qui correspond aux boutons du bo\u00eetier \u00e9lectronique).<\/p>\n<p>L\u2019examen est r\u00e9ussi si l\u2019\u00e9l\u00e8ve a commis 5 erreurs ou moins sur les 40 questions.<\/p>\n<p>Il se d\u00e9roule dans les locaux d\u2019un op\u00e9rateur agr\u00e9e moyennant 30\u20ac.<\/p>\n<p>Le r\u00e9sultat est connu par mail dans la journ\u00e9e.<\/p>\n<p>Listes des op\u00e9rateurs agr\u00e9es pr\u00e8s de chez vous sur internet.<\/p>\n","protected":false},"excerpt":{"rendered":"<p>D&eacute;roulement de l&rsquo;examen du Code de la Route : l&rsquo;organisation de la s&eacute;ance de l&rsquo;&eacute;preuve A l&rsquo;arriv&eacute;e, les candidats font l&rsquo;objet d&rsquo;une v&eacute;rification d&rsquo;identit&eacute; et de la validit&eacute; des documents n&eacute;cessaires &agrave; l&rsquo;examen. Ensuite, l&rsquo;examen du Code de la Route proprement dit commence. Les candidats r&eacute;pondent, sur la tablette, &agrave; une s&eacute;rie de 40 questions. &hellip; <\/p>\n<p class=\"link-more\"><a href=\"http:\/\/www.projetconduite.fr\/index.php\/lexamen-theorique-code\/\" class=\"more-link\">Continuer la lecture<span class=\"screen-reader-text\"> de &laquo;&nbsp;L\u2019examen th\u00e9orique  (Code)&nbsp;&raquo;<\/span><\/a><\/p>\n","protected":false},"author":1,"featured_media":0,"parent":0,"menu_order":0,"comment_status":"closed","ping_status":"closed","template":"","meta":{"footnotes":""},"yoast_head":"<!-- This site is optimized with the Yoast SEO plugin v22.6 - https:\/\/yoast.com\/wordpress\/plugins\/seo\/ -->\n<title>L\u2019examen th\u00e9orique (Code) - Projet Conduite<\/title>\n<meta name=\"description\" content=\"Bienvenue sur notre site Un rythme de formation personnalis\u00e9 Votre auto-\u00e9cole \u00e0 Dreux Votre auto-\u00e9cole Projet-Conduite\" \/>\n<meta name=\"robots\" content=\"index, follow, max-snippet:-1, max-image-preview:large, max-video-preview:-1\" \/>\n<link rel=\"canonical\" href=\"http:\/\/www.projetconduite.fr\/index.php\/lexamen-theorique-code\/\" \/>\n<meta property=\"og:locale\" content=\"fr_FR\" \/>\n<meta property=\"og:type\" content=\"article\" \/>\n<meta property=\"og:title\" content=\"L\u2019examen th\u00e9orique (Code) - Projet Conduite\" \/>\n<meta property=\"og:description\" content=\"Bienvenue sur notre site Un rythme de formation personnalis\u00e9 Votre auto-\u00e9cole \u00e0 Dreux Votre auto-\u00e9cole Projet-Conduite\" \/>\n<meta property=\"og:url\" content=\"http:\/\/www.projetconduite.fr\/index.php\/lexamen-theorique-code\/\" \/>\n<meta property=\"og:site_name\" content=\"Projet Conduite\" \/>\n<meta property=\"article:publisher\" content=\"https:\/\/fr-fr.facebook.com\/prjetconduite\/\" \/>\n<meta name=\"twitter:card\" content=\"summary_large_image\" \/>\n<meta name=\"twitter:label1\" content=\"Dur\u00e9e de lecture estim\u00e9e\" \/>\n\t<meta name=\"twitter:data1\" content=\"1 minute\" \/>\n<script type=\"application\/ld+json\" class=\"yoast-schema-graph\">{\"@context\":\"https:\/\/schema.org\",\"@graph\":[{\"@type\":\"WebPage\",\"@id\":\"http:\/\/www.projetconduite.fr\/index.php\/lexamen-theorique-code\/\",\"url\":\"http:\/\/www.projetconduite.fr\/index.php\/lexamen-theorique-code\/\",\"name\":\"L\u2019examen th\u00e9orique (Code) - Projet Conduite\",\"isPartOf\":{\"@id\":\"http:\/\/www.projetconduite.fr\/#website\"},\"datePublished\":\"2018-07-22T16:05:02+00:00\",\"dateModified\":\"2018-07-22T16:05:02+00:00\",\"description\":\"Bienvenue sur notre site Un rythme de formation personnalis\u00e9 Votre auto-\u00e9cole \u00e0 Dreux Votre auto-\u00e9cole Projet-Conduite\",\"breadcrumb\":{\"@id\":\"http:\/\/www.projetconduite.fr\/index.php\/lexamen-theorique-code\/#breadcrumb\"},\"inLanguage\":\"fr-FR\",\"potentialAction\":[{\"@type\":\"ReadAction\",\"target\":[\"http:\/\/www.projetconduite.fr\/index.php\/lexamen-theorique-code\/\"]}]},{\"@type\":\"BreadcrumbList\",\"@id\":\"http:\/\/www.projetconduite.fr\/index.php\/lexamen-theorique-code\/#breadcrumb\",\"itemListElement\":[{\"@type\":\"ListItem\",\"position\":1,\"name\":\"Accueil\",\"item\":\"http:\/\/www.projetconduite.fr\/\"},{\"@type\":\"ListItem\",\"position\":2,\"name\":\"L\u2019examen th\u00e9orique (Code)\"}]},{\"@type\":\"WebSite\",\"@id\":\"http:\/\/www.projetconduite.fr\/#website\",\"url\":\"http:\/\/www.projetconduite.fr\/\",\"name\":\"Projet Conduite\",\"description\":\"Nous concr\u00e9tisons votre projet de permis voiture\",\"publisher\":{\"@id\":\"http:\/\/www.projetconduite.fr\/#organization\"},\"potentialAction\":[{\"@type\":\"SearchAction\",\"target\":{\"@type\":\"EntryPoint\",\"urlTemplate\":\"http:\/\/www.projetconduite.fr\/?s={search_term_string}\"},\"query-input\":\"required name=search_term_string\"}],\"inLanguage\":\"fr-FR\"},{\"@type\":\"Organization\",\"@id\":\"http:\/\/www.projetconduite.fr\/#organization\",\"name\":\"Projet Conduite\",\"url\":\"http:\/\/www.projetconduite.fr\/\",\"logo\":{\"@type\":\"ImageObject\",\"inLanguage\":\"fr-FR\",\"@id\":\"http:\/\/www.projetconduite.fr\/#\/schema\/logo\/image\/\",\"url\":\"http:\/\/www.projetconduite.fr\/wp-content\/uploads\/2018\/07\/Logo-long-gros.png\",\"contentUrl\":\"http:\/\/www.projetconduite.fr\/wp-content\/uploads\/2018\/07\/Logo-long-gros.png\",\"width\":528,\"height\":126,\"caption\":\"Projet Conduite\"},\"image\":{\"@id\":\"http:\/\/www.projetconduite.fr\/#\/schema\/logo\/image\/\"},\"sameAs\":[\"https:\/\/fr-fr.facebook.com\/prjetconduite\/\"]}]}<\/script>\n<!-- \/ Yoast SEO plugin. -->","yoast_head_json":{"title":"L\u2019examen th\u00e9orique (Code) - Projet Conduite","description":"Bienvenue sur notre site Un rythme de formation personnalis\u00e9 Votre auto-\u00e9cole \u00e0 Dreux Votre auto-\u00e9cole Projet-Conduite","robots":{"index":"index","follow":"follow","max-snippet":"max-snippet:-1","max-image-preview":"max-image-preview:large","max-video-preview":"max-video-preview:-1"},"canonical":"http:\/\/www.projetconduite.fr\/index.php\/lexamen-theorique-code\/","og_locale":"fr_FR","og_type":"article","og_title":"L\u2019examen th\u00e9orique (Code) - Projet Conduite","og_description":"Bienvenue sur notre site Un rythme de formation personnalis\u00e9 Votre auto-\u00e9cole \u00e0 Dreux Votre auto-\u00e9cole Projet-Conduite","og_url":"http:\/\/www.projetconduite.fr\/index.php\/lexamen-theorique-code\/","og_site_name":"Projet Conduite","article_publisher":"https:\/\/fr-fr.facebook.com\/prjetconduite\/","twitter_card":"summary_large_image","twitter_misc":{"Dur\u00e9e de lecture estim\u00e9e":"1 minute"},"schema":{"@context":"https:\/\/schema.org","@graph":[{"@type":"WebPage","@id":"http:\/\/www.projetconduite.fr\/index.php\/lexamen-theorique-code\/","url":"http:\/\/www.projetconduite.fr\/index.php\/lexamen-theorique-code\/","name":"L\u2019examen th\u00e9orique (Code) - Projet Conduite","isPartOf":{"@id":"http:\/\/www.projetconduite.fr\/#website"},"datePublished":"2018-07-22T16:05:02+00:00","dateModified":"2018-07-22T16:05:02+00:00","description":"Bienvenue sur notre site Un rythme de formation personnalis\u00e9 Votre auto-\u00e9cole \u00e0 Dreux Votre auto-\u00e9cole Projet-Conduite","breadcrumb":{"@id":"http:\/\/www.projetconduite.fr\/index.php\/lexamen-theorique-code\/#breadcrumb"},"inLanguage":"fr-FR","potentialAction":[{"@type":"ReadAction","target":["http:\/\/www.projetconduite.fr\/index.php\/lexamen-theorique-code\/"]}]},{"@type":"BreadcrumbList","@id":"http:\/\/www.projetconduite.fr\/index.php\/lexamen-theorique-code\/#breadcrumb","itemListElement":[{"@type":"ListItem","position":1,"name":"Accueil","item":"http:\/\/www.projetconduite.fr\/"},{"@type":"ListItem","position":2,"name":"L\u2019examen th\u00e9orique (Code)"}]},{"@type":"WebSite","@id":"http:\/\/www.projetconduite.fr\/#website","url":"http:\/\/www.projetconduite.fr\/","name":"Projet Conduite","description":"Nous concr\u00e9tisons votre projet de permis voiture","publisher":{"@id":"http:\/\/www.projetconduite.fr\/#organization"},"potentialAction":[{"@type":"SearchAction","target":{"@type":"EntryPoint","urlTemplate":"http:\/\/www.projetconduite.fr\/?s={search_term_string}"},"query-input":"required name=search_term_string"}],"inLanguage":"fr-FR"},{"@type":"Organization","@id":"http:\/\/www.projetconduite.fr\/#organization","name":"Projet Conduite","url":"http:\/\/www.projetconduite.fr\/","logo":{"@type":"ImageObject","inLanguage":"fr-FR","@id":"http:\/\/www.projetconduite.fr\/#\/schema\/logo\/image\/","url":"http:\/\/www.projetconduite.fr\/wp-content\/uploads\/2018\/07\/Logo-long-gros.png","contentUrl":"http:\/\/www.projetconduite.fr\/wp-content\/uploads\/2018\/07\/Logo-long-gros.png","width":528,"height":126,"caption":"Projet Conduite"},"image":{"@id":"http:\/\/www.projetconduite.fr\/#\/schema\/logo\/image\/"},"sameAs":["https:\/\/fr-fr.facebook.com\/prjetconduite\/"]}]}},"_links":{"self":[{"href":"http:\/\/www.projetconduite.fr\/index.php\/wp-json\/wp\/v2\/pages\/86"}],"collection":[{"href":"http:\/\/www.projetconduite.fr\/index.php\/wp-json\/wp\/v2\/pages"}],"about":[{"href":"http:\/\/www.projetconduite.fr\/index.php\/wp-json\/wp\/v2\/types\/page"}],"author":[{"embeddable":true,"href":"http:\/\/www.projetconduite.fr\/index.php\/wp-json\/wp\/v2\/users\/1"}],"replies":[{"embeddable":true,"href":"http:\/\/www.projetconduite.fr\/index.php\/wp-json\/wp\/v2\/comments?post=86"}],"version-history":[{"count":1,"href":"http:\/\/www.projetconduite.fr\/index.php\/wp-json\/wp\/v2\/pages\/86\/revisions"}],"predecessor-version":[{"id":87,"href":"http:\/\/www.projetconduite.fr\/index.php\/wp-json\/wp\/v2\/pages\/86\/revisions\/87"}],"wp:attachment":[{"href":"http:\/\/www.projetconduite.fr\/index.php\/wp-json\/wp\/v2\/media?parent=86"}],"curies":[{"name":"wp","href":"https:\/\/api.w.org\/{rel}","templated":true}]}}