{"id":88,"date":"2018-07-22T18:06:15","date_gmt":"2018-07-22T16:06:15","guid":{"rendered":"http:\/\/www.projetconduite.fr\/?page_id=88"},"modified":"2018-07-22T18:06:15","modified_gmt":"2018-07-22T16:06:15","slug":"deroulement-de-la-formation","status":"publish","type":"page","link":"http:\/\/www.projetconduite.fr\/index.php\/deroulement-de-la-formation\/","title":{"rendered":"D\u00e9roulement de la formation"},"content":{"rendered":"<p><strong>1\/ L\u2019\u00e9valuation initiale obligatoire<\/strong><\/p>\n<p>*<u>Votre formation en combien de temps et \u00e0 quel prix ?<\/u><\/p>\n<p>Avant de d\u00e9buter votre formation, vous devez obligatoirement passer une \u00e9valuation . Elle permettra de conna\u00eetre votre niveau et d\u00e9terminer le nombre d\u2019heures de conduite n\u00e9cessaire \u00e0 l\u2019obtention de votre permis.<\/p>\n<p><strong>2\/ La formation code de la route <\/strong><\/p>\n<p>&#8211; Vous vous testez lors de s\u00e9ances de pr\u00e9paration \u00e0 l\u2019examen code (s\u00e9rie de code)<\/p>\n<p>&#8211; Vous participez \u00e0 des cours collectifs avec un formateur exp\u00e9riment\u00e9 (voir horaires)<\/p>\n<p>Travail personnel \u00e0 la maison avec l\u2019aide du code en ligne (easy web ) et de votre livre de code (voir tarif a l\u2019auto-\u00e9cole)<\/p>\n<p>Et tout \u00e7a avec des formateurs qualifi\u00e9s.<\/p>\n<p><strong>3\/ La formation \u00e0 la conduite : 20h minimum<\/strong><\/p>\n<p>Une fois le code en poche, vous devez conduire avec le moniteur de l&rsquo;auto-\u00e9cole pendant au moins 20 heures.<\/p>\n<p>L&rsquo;apprentissage est progressif.<\/p>\n<p>L&rsquo;objectif est de vous permettre de ma\u00eetriser le v\u00e9hicule et votre environnement.<\/p>\n<p>Le programme et le d\u00e9roulement de la formation sont conformes aux objectifs du programme de formation (REMC).<\/p>\n<p>Votre moniteur s&rsquo;engage \u00e0 appliquer une p\u00e9dagogie visant l&rsquo;atteinte les objectifs d\u00e9finis dans votre livret d\u2019apprentissage. Le programme et le d\u00e9roulement de la formation devront permettre \u00e0 l&rsquo;\u00e9l\u00e8ve d&rsquo;acqu\u00e9rir l&rsquo;ensemble des comp\u00e9tences n\u00e9cessaires \u00e0 la validit\u00e9 de sa formation initiale.<\/p>\n<p>Un accompagnement individuel pour un suivi de votre progression personnalis\u00e9 nous permettra de suivre un rythme adapt\u00e9 \u00e0 vos besoins.<\/p>\n<p>Premier cours de conduite<\/p>\n<p>Le premier cours de conduite commence g\u00e9n\u00e9ralement dans un lieu peu fr\u00e9quent\u00e9 (souvent sur un parking). Le but est de vous familiariser avec le volant et le poids de la voiture.<\/p>\n<p>Une fois \u00e0 l&rsquo;aise, vous allez conduire en circulation. Vous ne vous pr\u00e9occupez que du volant. Le moniteur contr\u00f4le le bo\u00eetier de vitesses et les p\u00e9dales.<\/p>\n<p>D\u00e9roulement des cours de conduite<\/p>\n<p>Une le\u00e7on de conduite dure \u00e0 peu pr\u00e8s 1 heure :<\/p>\n<ul>\n<li>les premi\u00e8res minutes sont consacr\u00e9es \u00e0 l&rsquo;\u00e9laboration du programme du cours;<\/li>\n<li>la conduite effective dure environ 45 minutes;<\/li>\n<li>le temps restant permet de faire un bilan: les commentaires sont not\u00e9s dans le livret p\u00e9dagogique et la fiche d&rsquo;\u00e9valuation.<\/li>\n<\/ul>\n<p>Apprentissage progressif<\/p>\n<p>Les 20 heures minimums de cours de conduite se font en circulation sur la voie publique.<\/p>\n<p>Au fil des le\u00e7ons, vous apprenez \u00e0 contr\u00f4ler toutes les commandes.<\/p>\n<p>Se rendre \u00e0 l&rsquo;auto-\u00e9cole<\/p>\n<p>Si votre cours est le premier de la journ\u00e9e, rendez-vous directement \u00e0 l&rsquo;auto-\u00e9cole.<\/p>\n<p>Si un autre \u00e9l\u00e8ve a cours avant vous, ce dernier peut venir vous chercher \u00e0 la fin de sa le\u00e7on. A vous de le reconduire chez lui. Inversement, si un autre \u00e9l\u00e8ve \u00e0 cours apr\u00e8s vous, vous allez le chercher \u00e0 la fin de votre cours et lui vous ram\u00e8nera chez vous.<\/p>\n<p>Sinon, vous reconduisez le v\u00e9hicule \u00e0 l&rsquo;auto-\u00e9cole et rentrez chez vous par vos propres moyens.<\/p>\n<p>A noter : le lieu de rendez-vous peut aussi \u00eatre fix\u00e9 \u00e0 la sortie de votre \u00e9cole, \u00e0 votre domicile. Le moniteur vient vous chercher.<\/p>\n<p><strong><u>Conduite accompagn\u00e9e AAC<\/u><\/strong><\/p>\n<p>La conduite accompagn\u00e9e est accessible \u00e0 partir de 15 ans et se d\u00e9roule en 3 phases :<\/p>\n<p>&#8211; la formation au code et \u00e0 la conduite en auto-\u00e9cole avec le moniteur (formation initiale)<\/p>\n<p>&#8211; la conduite accompagn\u00e9e avec accompagnateurs (en g\u00e9n\u00e9ral les parents), ponctu\u00e9e de<\/p>\n<p>2 rendez-vous p\u00e9dagogique obligatoires, pendant une dur\u00e9e d&rsquo;un an et 3000 Km<\/p>\n<p>Parcourus au minimum.<\/p>\n<p>&#8211; la pr\u00e9sentation \u00e0 l&rsquo;examen<\/p>\n<p>La formation initiale est strictement la m\u00eame en Conduite Accompagn\u00e9e et en permis B classique.<\/p>\n<p>Les autres accompagnateurs n&rsquo;ont pas obligation d&rsquo;avoir assist\u00e9 au rendez-vous pr\u00e9alable \u00e0 la conduite accompagn\u00e9e, mais un accompagnateur doit \u00eatre titulaire du permis B depuis plus de 5 ans sans interruption (ce qui veut dire que dans les 5 ans il ne faut pas avoir eu une suspension, invalidation ou une annulation de permis, m\u00eame si au moment de la p\u00e9riode d&rsquo;accompagnement on est titulaire d&rsquo;un permis B valide).<\/p>\n<p>Le programme de formation est conforme au REMC. Le suivi p\u00e9dagogique se fait avec le livret d&rsquo;apprentissage dans lequel se trouvent les 4 niveaux de comp\u00e9tences \u00e0 atteindre au terme desquels l&rsquo;\u00e9l\u00e8ve pourra participer au rendez-vous pr\u00e9alable \u00e0 la conduite accompagn\u00e9e.<\/p>\n<p>D\u00e9roulement de la formation :<\/p>\n<p>La formation initiale (code + 20 heures obligatoire de conduite)<\/p>\n<p>Le rendez vous pr\u00e9alable de 2 heures en pr\u00e9sence des accompagnateurs, et \u00e0 l&rsquo;issue la validation de l&rsquo;attestation de fin de formation initiale.<\/p>\n<p>L&rsquo;\u00e9l\u00e8ve peut partir en conduite accompagn\u00e9e pendant une dur\u00e9e d&rsquo;au moins 1 an et 3000 Km parcours au minimum.<\/p>\n<p>Les 2 rendez-vous p\u00e9dagogiques obligatoires (1heure pratique+2h th\u00e9orique chacun) :<\/p>\n<p>&#8211; le premier rendez-vous p\u00e9dagogique<\/p>\n<p>(environ entre 4 et 6 mois apr\u00e8s le rendez-vous pr\u00e9alable et environ 1000 kms<\/p>\n<p>parcourus)<\/p>\n<p>&#8211; le deuxi\u00e8me rendez-vous p\u00e9dagogique<\/p>\n<p>(1 mois avant la date de pr\u00e9sentation \u00e0 l&rsquo;examen)<\/p>\n<p>L&rsquo;\u00e9l\u00e8ve peut \u00eatre pr\u00e9sent\u00e9 \u00e0 l&rsquo;examen \u00e0 partir de 17 ans et demi, mais ce n&rsquo;est qu&rsquo;\u00e0 partir de 18 ans qu&rsquo;il lui sera possible de conduire seul sans accompagnateur.<\/p>\n","protected":false},"excerpt":{"rendered":"<p>1\/ L&rsquo;&eacute;valuation initiale obligatoire *Votre formation en combien de temps et &agrave; quel prix ? Avant de d&eacute;buter votre formation, vous devez obligatoirement passer une &eacute;valuation . Elle permettra de conna&icirc;tre votre niveau et d&eacute;terminer le nombre d&rsquo;heures de conduite n&eacute;cessaire &agrave; l&rsquo;obtention de votre permis. 2\/ La formation code de la route &ndash; Vous &hellip; <\/p>\n<p class=\"link-more\"><a href=\"http:\/\/www.projetconduite.fr\/index.php\/deroulement-de-la-formation\/\" class=\"more-link\">Continuer la lecture<span class=\"screen-reader-text\"> de &laquo;&nbsp;D\u00e9roulement de la formation&nbsp;&raquo;<\/span><\/a><\/p>\n","protected":false},"author":1,"featured_media":0,"parent":0,"menu_order":0,"comment_status":"closed","ping_status":"closed","template":"","meta":{"footnotes":""},"yoast_head":"<!-- This site is optimized with the Yoast SEO plugin v22.6 - https:\/\/yoast.com\/wordpress\/plugins\/seo\/ -->\n<title>D\u00e9roulement de la formation - Projet Conduite<\/title>\n<meta name=\"description\" content=\"Bienvenue sur notre site Un rythme de formation personnalis\u00e9 Votre auto-\u00e9cole \u00e0 Dreux Votre auto-\u00e9cole Projet-Conduite\" \/>\n<meta name=\"robots\" content=\"index, follow, max-snippet:-1, max-image-preview:large, max-video-preview:-1\" \/>\n<link rel=\"canonical\" href=\"http:\/\/www.projetconduite.fr\/index.php\/deroulement-de-la-formation\/\" \/>\n<meta property=\"og:locale\" content=\"fr_FR\" \/>\n<meta property=\"og:type\" content=\"article\" \/>\n<meta property=\"og:title\" content=\"D\u00e9roulement de la formation - Projet Conduite\" \/>\n<meta property=\"og:description\" content=\"Bienvenue sur notre site Un rythme de formation personnalis\u00e9 Votre auto-\u00e9cole \u00e0 Dreux Votre auto-\u00e9cole Projet-Conduite\" \/>\n<meta property=\"og:url\" content=\"http:\/\/www.projetconduite.fr\/index.php\/deroulement-de-la-formation\/\" \/>\n<meta property=\"og:site_name\" content=\"Projet Conduite\" \/>\n<meta property=\"article:publisher\" content=\"https:\/\/fr-fr.facebook.com\/prjetconduite\/\" \/>\n<meta name=\"twitter:card\" content=\"summary_large_image\" \/>\n<meta name=\"twitter:label1\" content=\"Dur\u00e9e de lecture estim\u00e9e\" \/>\n\t<meta name=\"twitter:data1\" content=\"4 minutes\" \/>\n<script type=\"application\/ld+json\" class=\"yoast-schema-graph\">{\"@context\":\"https:\/\/schema.org\",\"@graph\":[{\"@type\":\"WebPage\",\"@id\":\"http:\/\/www.projetconduite.fr\/index.php\/deroulement-de-la-formation\/\",\"url\":\"http:\/\/www.projetconduite.fr\/index.php\/deroulement-de-la-formation\/\",\"name\":\"D\u00e9roulement de la formation - Projet Conduite\",\"isPartOf\":{\"@id\":\"https:\/\/www.projetconduite.fr\/#website\"},\"datePublished\":\"2018-07-22T16:06:15+00:00\",\"dateModified\":\"2018-07-22T16:06:15+00:00\",\"description\":\"Bienvenue sur notre site Un rythme de formation personnalis\u00e9 Votre auto-\u00e9cole \u00e0 Dreux Votre auto-\u00e9cole Projet-Conduite\",\"breadcrumb\":{\"@id\":\"http:\/\/www.projetconduite.fr\/index.php\/deroulement-de-la-formation\/#breadcrumb\"},\"inLanguage\":\"fr-FR\",\"potentialAction\":[{\"@type\":\"ReadAction\",\"target\":[\"http:\/\/www.projetconduite.fr\/index.php\/deroulement-de-la-formation\/\"]}]},{\"@type\":\"BreadcrumbList\",\"@id\":\"http:\/\/www.projetconduite.fr\/index.php\/deroulement-de-la-formation\/#breadcrumb\",\"itemListElement\":[{\"@type\":\"ListItem\",\"position\":1,\"name\":\"Accueil\",\"item\":\"https:\/\/www.projetconduite.fr\/\"},{\"@type\":\"ListItem\",\"position\":2,\"name\":\"D\u00e9roulement de la formation\"}]},{\"@type\":\"WebSite\",\"@id\":\"https:\/\/www.projetconduite.fr\/#website\",\"url\":\"https:\/\/www.projetconduite.fr\/\",\"name\":\"Projet Conduite\",\"description\":\"Nous concr\u00e9tisons votre projet de permis voiture\",\"publisher\":{\"@id\":\"https:\/\/www.projetconduite.fr\/#organization\"},\"potentialAction\":[{\"@type\":\"SearchAction\",\"target\":{\"@type\":\"EntryPoint\",\"urlTemplate\":\"https:\/\/www.projetconduite.fr\/?s={search_term_string}\"},\"query-input\":\"required name=search_term_string\"}],\"inLanguage\":\"fr-FR\"},{\"@type\":\"Organization\",\"@id\":\"https:\/\/www.projetconduite.fr\/#organization\",\"name\":\"Projet Conduite\",\"url\":\"https:\/\/www.projetconduite.fr\/\",\"logo\":{\"@type\":\"ImageObject\",\"inLanguage\":\"fr-FR\",\"@id\":\"https:\/\/www.projetconduite.fr\/#\/schema\/logo\/image\/\",\"url\":\"http:\/\/www.projetconduite.fr\/wp-content\/uploads\/2018\/07\/Logo-long-gros.png\",\"contentUrl\":\"http:\/\/www.projetconduite.fr\/wp-content\/uploads\/2018\/07\/Logo-long-gros.png\",\"width\":528,\"height\":126,\"caption\":\"Projet Conduite\"},\"image\":{\"@id\":\"https:\/\/www.projetconduite.fr\/#\/schema\/logo\/image\/\"},\"sameAs\":[\"https:\/\/fr-fr.facebook.com\/prjetconduite\/\"]}]}<\/script>\n<!-- \/ Yoast SEO plugin. -->","yoast_head_json":{"title":"D\u00e9roulement de la formation - Projet Conduite","description":"Bienvenue sur notre site Un rythme de formation personnalis\u00e9 Votre auto-\u00e9cole \u00e0 Dreux Votre auto-\u00e9cole Projet-Conduite","robots":{"index":"index","follow":"follow","max-snippet":"max-snippet:-1","max-image-preview":"max-image-preview:large","max-video-preview":"max-video-preview:-1"},"canonical":"http:\/\/www.projetconduite.fr\/index.php\/deroulement-de-la-formation\/","og_locale":"fr_FR","og_type":"article","og_title":"D\u00e9roulement de la formation - Projet Conduite","og_description":"Bienvenue sur notre site Un rythme de formation personnalis\u00e9 Votre auto-\u00e9cole \u00e0 Dreux Votre auto-\u00e9cole Projet-Conduite","og_url":"http:\/\/www.projetconduite.fr\/index.php\/deroulement-de-la-formation\/","og_site_name":"Projet Conduite","article_publisher":"https:\/\/fr-fr.facebook.com\/prjetconduite\/","twitter_card":"summary_large_image","twitter_misc":{"Dur\u00e9e de lecture estim\u00e9e":"4 minutes"},"schema":{"@context":"https:\/\/schema.org","@graph":[{"@type":"WebPage","@id":"http:\/\/www.projetconduite.fr\/index.php\/deroulement-de-la-formation\/","url":"http:\/\/www.projetconduite.fr\/index.php\/deroulement-de-la-formation\/","name":"D\u00e9roulement de la formation - Projet Conduite","isPartOf":{"@id":"https:\/\/www.projetconduite.fr\/#website"},"datePublished":"2018-07-22T16:06:15+00:00","dateModified":"2018-07-22T16:06:15+00:00","description":"Bienvenue sur notre site Un rythme de formation personnalis\u00e9 Votre auto-\u00e9cole \u00e0 Dreux Votre auto-\u00e9cole Projet-Conduite","breadcrumb":{"@id":"http:\/\/www.projetconduite.fr\/index.php\/deroulement-de-la-formation\/#breadcrumb"},"inLanguage":"fr-FR","potentialAction":[{"@type":"ReadAction","target":["http:\/\/www.projetconduite.fr\/index.php\/deroulement-de-la-formation\/"]}]},{"@type":"BreadcrumbList","@id":"http:\/\/www.projetconduite.fr\/index.php\/deroulement-de-la-formation\/#breadcrumb","itemListElement":[{"@type":"ListItem","position":1,"name":"Accueil","item":"https:\/\/www.projetconduite.fr\/"},{"@type":"ListItem","position":2,"name":"D\u00e9roulement de la formation"}]},{"@type":"WebSite","@id":"https:\/\/www.projetconduite.fr\/#website","url":"https:\/\/www.projetconduite.fr\/","name":"Projet Conduite","description":"Nous concr\u00e9tisons votre projet de permis voiture","publisher":{"@id":"https:\/\/www.projetconduite.fr\/#organization"},"potentialAction":[{"@type":"SearchAction","target":{"@type":"EntryPoint","urlTemplate":"https:\/\/www.projetconduite.fr\/?s={search_term_string}"},"query-input":"required name=search_term_string"}],"inLanguage":"fr-FR"},{"@type":"Organization","@id":"https:\/\/www.projetconduite.fr\/#organization","name":"Projet Conduite","url":"https:\/\/www.projetconduite.fr\/","logo":{"@type":"ImageObject","inLanguage":"fr-FR","@id":"https:\/\/www.projetconduite.fr\/#\/schema\/logo\/image\/","url":"http:\/\/www.projetconduite.fr\/wp-content\/uploads\/2018\/07\/Logo-long-gros.png","contentUrl":"http:\/\/www.projetconduite.fr\/wp-content\/uploads\/2018\/07\/Logo-long-gros.png","width":528,"height":126,"caption":"Projet Conduite"},"image":{"@id":"https:\/\/www.projetconduite.fr\/#\/schema\/logo\/image\/"},"sameAs":["https:\/\/fr-fr.facebook.com\/prjetconduite\/"]}]}},"_links":{"self":[{"href":"http:\/\/www.projetconduite.fr\/index.php\/wp-json\/wp\/v2\/pages\/88"}],"collection":[{"href":"http:\/\/www.projetconduite.fr\/index.php\/wp-json\/wp\/v2\/pages"}],"about":[{"href":"http:\/\/www.projetconduite.fr\/index.php\/wp-json\/wp\/v2\/types\/page"}],"author":[{"embeddable":true,"href":"http:\/\/www.projetconduite.fr\/index.php\/wp-json\/wp\/v2\/users\/1"}],"replies":[{"embeddable":true,"href":"http:\/\/www.projetconduite.fr\/index.php\/wp-json\/wp\/v2\/comments?post=88"}],"version-history":[{"count":1,"href":"http:\/\/www.projetconduite.fr\/index.php\/wp-json\/wp\/v2\/pages\/88\/revisions"}],"predecessor-version":[{"id":89,"href":"http:\/\/www.projetconduite.fr\/index.php\/wp-json\/wp\/v2\/pages\/88\/revisions\/89"}],"wp:attachment":[{"href":"http:\/\/www.projetconduite.fr\/index.php\/wp-json\/wp\/v2\/media?parent=88"}],"curies":[{"name":"wp","href":"https:\/\/api.w.org\/{rel}","templated":true}]}}